{"id":23722,"date":"2018-02-26T17:54:56","date_gmt":"2018-02-26T23:54:56","guid":{"rendered":"http:\/\/www.arxisdemexico.com.mx\/arxis\/?post_type=product&#038;p=23722"},"modified":"2018-10-22T17:56:30","modified_gmt":"2018-10-22T22:56:30","slug":"transmisor-receptor-de-dos-vias-para-montar-en-mostrador-qm-152","status":"publish","type":"product","link":"https:\/\/arxisdemexico.com.mx\/arxis\/producto\/transmisor-receptor-de-dos-vias-para-montar-en-mostrador-qm-152\/","title":{"rendered":"Transmisor-receptor de dos v\u00edas para montar en mostrador QM-152"},"content":{"rendered":"<p>Transmisor-receptor de dos v\u00edas para montar en mostrador, operaci\u00f3n a manos libres y control autom\u00e1tico de nivel de voz. Fabricado en aluminio de alta resistencia color natural.<\/p>\n","protected":false},"excerpt":{"rendered":"<p>Transmisor-receptor de dos v\u00edas para montar en mostrador, operaci\u00f3n a manos libres y control autom\u00e1tico de nivel de voz. Fabricado en aluminio de alta resistencia color natural.<\/p>\n","protected":false},"featured_media":23735,"comment_status":"open","ping_status":"closed","template":"","meta":{"_et_pb_use_builder":"","_et_pb_old_content":"","_et_gb_content_width":""},"product_brand":[],"product_cat":[593,594,602],"product_tag":[],"class_list":{"0":"post-23722","1":"product","2":"type-product","3":"status-publish","4":"has-post-thumbnail","6":"product_cat-acceso-y-asistencia","7":"product_cat-videoporteros","8":"product_cat-accesorios-videoporteros","10":"first","11":"instock","12":"taxable","13":"shipping-taxable","14":"product-type-simple"},"_links":{"self":[{"href":"https:\/\/arxisdemexico.com.mx\/arxis\/wp-json\/wp\/v2\/product\/23722","targetHints":{"allow":["GET"]}}],"collection":[{"href":"https:\/\/arxisdemexico.com.mx\/arxis\/wp-json\/wp\/v2\/product"}],"about":[{"href":"https:\/\/arxisdemexico.com.mx\/arxis\/wp-json\/wp\/v2\/types\/product"}],"replies":[{"embeddable":true,"href":"https:\/\/arxisdemexico.com.mx\/arxis\/wp-json\/wp\/v2\/comments?post=23722"}],"wp:featuredmedia":[{"embeddable":true,"href":"https:\/\/arxisdemexico.com.mx\/arxis\/wp-json\/wp\/v2\/media\/23735"}],"wp:attachment":[{"href":"https:\/\/arxisdemexico.com.mx\/arxis\/wp-json\/wp\/v2\/media?parent=23722"}],"wp:term":[{"taxonomy":"product_brand","embeddable":true,"href":"https:\/\/arxisdemexico.com.mx\/arxis\/wp-json\/wp\/v2\/product_brand?post=23722"},{"taxonomy":"product_cat","embeddable":true,"href":"https:\/\/arxisdemexico.com.mx\/arxis\/wp-json\/wp\/v2\/product_cat?post=23722"},{"taxonomy":"product_tag","embeddable":true,"href":"https:\/\/arxisdemexico.com.mx\/arxis\/wp-json\/wp\/v2\/product_tag?post=23722"}],"curies":[{"name":"wp","href":"https:\/\/api.w.org\/{rel}","templated":true}]}}