{"id":23713,"date":"2018-02-26T17:23:52","date_gmt":"2018-02-26T23:23:52","guid":{"rendered":"http:\/\/www.arxisdemexico.com.mx\/arxis\/?post_type=product&#038;p=23713"},"modified":"2018-09-21T14:00:55","modified_gmt":"2018-09-21T19:00:55","slug":"subestacion-para-pared-o-mesa-sa-2","status":"publish","type":"product","link":"https:\/\/arxisdemexico.com.mx\/arxis\/producto\/subestacion-para-pared-o-mesa-sa-2\/","title":{"rendered":"Subestaci\u00f3n para pared o mesa SA-2"},"content":{"rendered":"<p>Subestaci\u00f3n para pared o mesa con bot\u00f3n de llamada y tecla de privacidad.\u00a0 Para comunicarse a centrales CAP. Sin intercomunicaci\u00f3n entre subestaciones.<\/p>\n","protected":false},"excerpt":{"rendered":"<p>Subestaci\u00f3n para pared o mesa con bot\u00f3n de llamada y tecla de privacidad.\u00a0 Para comunicarse a centrales CAP. Sin intercomunicaci\u00f3n entre subestaciones.<\/p>\n","protected":false},"featured_media":23714,"comment_status":"open","ping_status":"closed","template":"","meta":{"_et_pb_use_builder":"","_et_pb_old_content":"","_et_gb_content_width":""},"product_brand":[],"product_cat":[593,594,603],"product_tag":[492],"class_list":{"0":"post-23713","1":"product","2":"type-product","3":"status-publish","4":"has-post-thumbnail","6":"product_cat-acceso-y-asistencia","7":"product_cat-videoporteros","8":"product_cat-videoporteros-analogicos","9":"product_tag-intec","11":"first","12":"instock","13":"taxable","14":"shipping-taxable","15":"product-type-simple"},"_links":{"self":[{"href":"https:\/\/arxisdemexico.com.mx\/arxis\/wp-json\/wp\/v2\/product\/23713","targetHints":{"allow":["GET"]}}],"collection":[{"href":"https:\/\/arxisdemexico.com.mx\/arxis\/wp-json\/wp\/v2\/product"}],"about":[{"href":"https:\/\/arxisdemexico.com.mx\/arxis\/wp-json\/wp\/v2\/types\/product"}],"replies":[{"embeddable":true,"href":"https:\/\/arxisdemexico.com.mx\/arxis\/wp-json\/wp\/v2\/comments?post=23713"}],"wp:featuredmedia":[{"embeddable":true,"href":"https:\/\/arxisdemexico.com.mx\/arxis\/wp-json\/wp\/v2\/media\/23714"}],"wp:attachment":[{"href":"https:\/\/arxisdemexico.com.mx\/arxis\/wp-json\/wp\/v2\/media?parent=23713"}],"wp:term":[{"taxonomy":"product_brand","embeddable":true,"href":"https:\/\/arxisdemexico.com.mx\/arxis\/wp-json\/wp\/v2\/product_brand?post=23713"},{"taxonomy":"product_cat","embeddable":true,"href":"https:\/\/arxisdemexico.com.mx\/arxis\/wp-json\/wp\/v2\/product_cat?post=23713"},{"taxonomy":"product_tag","embeddable":true,"href":"https:\/\/arxisdemexico.com.mx\/arxis\/wp-json\/wp\/v2\/product_tag?post=23713"}],"curies":[{"name":"wp","href":"https:\/\/api.w.org\/{rel}","templated":true}]}}