{"id":23619,"date":"2018-02-26T14:33:05","date_gmt":"2018-02-26T20:33:05","guid":{"rendered":"http:\/\/www.arxisdemexico.com.mx\/arxis\/?post_type=product&#038;p=23619"},"modified":"2018-09-20T17:11:40","modified_gmt":"2018-09-20T22:11:40","slug":"conmutador-de-video-con-fuente-integrada-ck-4","status":"publish","type":"product","link":"https:\/\/arxisdemexico.com.mx\/arxis\/producto\/conmutador-de-video-con-fuente-integrada-ck-4\/","title":{"rendered":"Conmutador de v\u00eddeo con fuente integrada  CK-4"},"content":{"rendered":"<p>Conmutador de v\u00eddeo con fuente integrada para operar dos telec\u00e1maras y dos c\u00e1maras adicionales o una telec\u00e1mara y hasta tres c\u00e1maras adicionales.<\/p>\n","protected":false},"excerpt":{"rendered":"<p>Conmutador de v\u00eddeo con fuente integrada para operar dos telec\u00e1maras y dos c\u00e1maras adicionales o una telec\u00e1mara y hasta tres c\u00e1maras adicionales.<\/p>\n","protected":false},"featured_media":23620,"comment_status":"open","ping_status":"closed","template":"","meta":{"_et_pb_use_builder":"","_et_pb_old_content":"","_et_gb_content_width":""},"product_brand":[],"product_cat":[593,594,603],"product_tag":[],"class_list":{"0":"post-23619","1":"product","2":"type-product","3":"status-publish","4":"has-post-thumbnail","6":"product_cat-acceso-y-asistencia","7":"product_cat-videoporteros","8":"product_cat-videoporteros-analogicos","10":"first","11":"instock","12":"taxable","13":"shipping-taxable","14":"product-type-simple"},"_links":{"self":[{"href":"https:\/\/arxisdemexico.com.mx\/arxis\/wp-json\/wp\/v2\/product\/23619","targetHints":{"allow":["GET"]}}],"collection":[{"href":"https:\/\/arxisdemexico.com.mx\/arxis\/wp-json\/wp\/v2\/product"}],"about":[{"href":"https:\/\/arxisdemexico.com.mx\/arxis\/wp-json\/wp\/v2\/types\/product"}],"replies":[{"embeddable":true,"href":"https:\/\/arxisdemexico.com.mx\/arxis\/wp-json\/wp\/v2\/comments?post=23619"}],"wp:featuredmedia":[{"embeddable":true,"href":"https:\/\/arxisdemexico.com.mx\/arxis\/wp-json\/wp\/v2\/media\/23620"}],"wp:attachment":[{"href":"https:\/\/arxisdemexico.com.mx\/arxis\/wp-json\/wp\/v2\/media?parent=23619"}],"wp:term":[{"taxonomy":"product_brand","embeddable":true,"href":"https:\/\/arxisdemexico.com.mx\/arxis\/wp-json\/wp\/v2\/product_brand?post=23619"},{"taxonomy":"product_cat","embeddable":true,"href":"https:\/\/arxisdemexico.com.mx\/arxis\/wp-json\/wp\/v2\/product_cat?post=23619"},{"taxonomy":"product_tag","embeddable":true,"href":"https:\/\/arxisdemexico.com.mx\/arxis\/wp-json\/wp\/v2\/product_tag?post=23619"}],"curies":[{"name":"wp","href":"https:\/\/api.w.org\/{rel}","templated":true}]}}