{"id":23600,"date":"2018-02-26T14:02:18","date_gmt":"2018-02-26T20:02:18","guid":{"rendered":"http:\/\/www.arxisdemexico.com.mx\/arxis\/?post_type=product&#038;p=23600"},"modified":"2018-02-26T14:02:18","modified_gmt":"2018-02-26T20:02:18","slug":"telefono-diseno-bot-de-pared-de-3-botones-para-intercomunicacion-tobi-3","status":"publish","type":"product","link":"https:\/\/arxisdemexico.com.mx\/arxis\/producto\/telefono-diseno-bot-de-pared-de-3-botones-para-intercomunicacion-tobi-3\/","title":{"rendered":"Tel\u00e9fono dise\u00f1o Bot de pared de 3 botones para intercomunicaci\u00f3n TOBI-3"},"content":{"rendered":"<p>Tel\u00e9fono dise\u00f1o Bot de pared de 3 botones para intercomunicaci\u00f3n. Presentaci\u00f3n de 3, 5 y 10 botones<\/p>\n","protected":false},"excerpt":{"rendered":"<p>Tel\u00e9fono dise\u00f1o Bot de pared de 3 botones para intercomunicaci\u00f3n. Presentaci\u00f3n de 3, 5 y 10 botones<\/p>\n","protected":false},"featured_media":23601,"comment_status":"open","ping_status":"closed","template":"","meta":{"_et_pb_use_builder":"","_et_pb_old_content":"","_et_gb_content_width":""},"product_brand":[],"product_cat":[],"product_tag":[],"class_list":{"0":"post-23600","1":"product","2":"type-product","3":"status-publish","4":"has-post-thumbnail","7":"first","8":"instock","9":"taxable","10":"shipping-taxable","11":"product-type-simple"},"_links":{"self":[{"href":"https:\/\/arxisdemexico.com.mx\/arxis\/wp-json\/wp\/v2\/product\/23600","targetHints":{"allow":["GET"]}}],"collection":[{"href":"https:\/\/arxisdemexico.com.mx\/arxis\/wp-json\/wp\/v2\/product"}],"about":[{"href":"https:\/\/arxisdemexico.com.mx\/arxis\/wp-json\/wp\/v2\/types\/product"}],"replies":[{"embeddable":true,"href":"https:\/\/arxisdemexico.com.mx\/arxis\/wp-json\/wp\/v2\/comments?post=23600"}],"wp:featuredmedia":[{"embeddable":true,"href":"https:\/\/arxisdemexico.com.mx\/arxis\/wp-json\/wp\/v2\/media\/23601"}],"wp:attachment":[{"href":"https:\/\/arxisdemexico.com.mx\/arxis\/wp-json\/wp\/v2\/media?parent=23600"}],"wp:term":[{"taxonomy":"product_brand","embeddable":true,"href":"https:\/\/arxisdemexico.com.mx\/arxis\/wp-json\/wp\/v2\/product_brand?post=23600"},{"taxonomy":"product_cat","embeddable":true,"href":"https:\/\/arxisdemexico.com.mx\/arxis\/wp-json\/wp\/v2\/product_cat?post=23600"},{"taxonomy":"product_tag","embeddable":true,"href":"https:\/\/arxisdemexico.com.mx\/arxis\/wp-json\/wp\/v2\/product_tag?post=23600"}],"curies":[{"name":"wp","href":"https:\/\/api.w.org\/{rel}","templated":true}]}}