{"id":23425,"date":"2018-02-24T11:43:12","date_gmt":"2018-02-24T17:43:12","guid":{"rendered":"http:\/\/www.arxisdemexico.com.mx\/arxis\/?post_type=product&#038;p=23425"},"modified":"2018-09-20T16:56:16","modified_gmt":"2018-09-20T21:56:16","slug":"gabinete-mural-abatible-22ur-gm-6622ur","status":"publish","type":"product","link":"https:\/\/arxisdemexico.com.mx\/arxis\/producto\/gabinete-mural-abatible-22ur-gm-6622ur\/","title":{"rendered":"Gabinete Mural Abatible 22UR GM-6622UR-AB"},"content":{"rendered":"<ul>\n<li>Gabinete para montaje de equipos de telecomunicaciones y de c\u00f3mputo.<\/li>\n<li>Provisto con punzonado para ventilaci\u00f3n forzada.<\/li>\n<li>Barrenos para fijaci\u00f3n mural.<\/li>\n<li>Bastidor soldado, estructura confiable.<\/li>\n<li>Puede ser instalado sobre la pared.<\/li>\n<li>Rack de montaje de 19\u201d.<\/li>\n<li>Los paneles laterales son desmontables, cerraduras laterales.*<\/li>\n<li>Entrada de cables tanto en la cubierta superior y el panel inferior.<\/li>\n<li>\u00c1ngulo de giro de la puerta delantera es de 180\u00b0.<\/li>\n<\/ul>\n","protected":false},"excerpt":{"rendered":"<p>Gabinete para montaje de equipos de telecomunicaciones y de c\u00f3mputo. Provisto con punzonado para ventilaci\u00f3n forzada. Barrenos para fijaci\u00f3n mural. Bastidor soldado, estructura confiable. Puede ser instalado sobre la pared. [&hellip;]<\/p>\n","protected":false},"featured_media":23426,"comment_status":"open","ping_status":"closed","template":"","meta":{"_et_pb_use_builder":"","_et_pb_old_content":"","_et_gb_content_width":""},"product_brand":[],"product_cat":[708,736,738],"product_tag":[502],"class_list":{"0":"post-23425","1":"product","2":"type-product","3":"status-publish","4":"has-post-thumbnail","6":"product_cat-infraestructura","7":"product_cat-gabinetes-y-racks","8":"product_cat-gabinetes","9":"product_tag-derrant","11":"first","12":"instock","13":"taxable","14":"shipping-taxable","15":"product-type-simple"},"_links":{"self":[{"href":"https:\/\/arxisdemexico.com.mx\/arxis\/wp-json\/wp\/v2\/product\/23425","targetHints":{"allow":["GET"]}}],"collection":[{"href":"https:\/\/arxisdemexico.com.mx\/arxis\/wp-json\/wp\/v2\/product"}],"about":[{"href":"https:\/\/arxisdemexico.com.mx\/arxis\/wp-json\/wp\/v2\/types\/product"}],"replies":[{"embeddable":true,"href":"https:\/\/arxisdemexico.com.mx\/arxis\/wp-json\/wp\/v2\/comments?post=23425"}],"wp:featuredmedia":[{"embeddable":true,"href":"https:\/\/arxisdemexico.com.mx\/arxis\/wp-json\/wp\/v2\/media\/23426"}],"wp:attachment":[{"href":"https:\/\/arxisdemexico.com.mx\/arxis\/wp-json\/wp\/v2\/media?parent=23425"}],"wp:term":[{"taxonomy":"product_brand","embeddable":true,"href":"https:\/\/arxisdemexico.com.mx\/arxis\/wp-json\/wp\/v2\/product_brand?post=23425"},{"taxonomy":"product_cat","embeddable":true,"href":"https:\/\/arxisdemexico.com.mx\/arxis\/wp-json\/wp\/v2\/product_cat?post=23425"},{"taxonomy":"product_tag","embeddable":true,"href":"https:\/\/arxisdemexico.com.mx\/arxis\/wp-json\/wp\/v2\/product_tag?post=23425"}],"curies":[{"name":"wp","href":"https:\/\/api.w.org\/{rel}","templated":true}]}}