{"id":23361,"date":"2018-02-23T18:27:08","date_gmt":"2018-02-24T00:27:08","guid":{"rendered":"http:\/\/www.arxisdemexico.com.mx\/arxis\/?post_type=product&#038;p=23361"},"modified":"2018-02-23T18:27:08","modified_gmt":"2018-02-24T00:27:08","slug":"telecamara-de-sobreponer-a-color-de-1-boton-tc-1","status":"publish","type":"product","link":"https:\/\/arxisdemexico.com.mx\/arxis\/producto\/telecamara-de-sobreponer-a-color-de-1-boton-tc-1\/","title":{"rendered":"Telec\u00e1mara de sobreponer a color de 1 bot\u00f3n TC-1"},"content":{"rendered":"<p>Telec\u00e1mara a color de 1 bot\u00f3n dise\u00f1o Bot con placa de acero inoxidable, c\u00e1mara a color,\u00a0 directorio, luz azul de cortes\u00eda en modo de apagado y cambia a luz blanca al encender. Montaje de sobreponer.<\/p>\n","protected":false},"excerpt":{"rendered":"<p>Telec\u00e1mara a color de 1 bot\u00f3n dise\u00f1o Bot con placa de acero inoxidable, c\u00e1mara a color,\u00a0 directorio, luz azul de cortes\u00eda en modo de apagado y cambia a luz blanca [&hellip;]<\/p>\n","protected":false},"featured_media":23362,"comment_status":"open","ping_status":"closed","template":"","meta":{"_et_pb_use_builder":"","_et_pb_old_content":"","_et_gb_content_width":""},"product_brand":[],"product_cat":[],"product_tag":[],"class_list":{"0":"post-23361","1":"product","2":"type-product","3":"status-publish","4":"has-post-thumbnail","7":"first","8":"instock","9":"taxable","10":"shipping-taxable","11":"product-type-simple"},"_links":{"self":[{"href":"https:\/\/arxisdemexico.com.mx\/arxis\/wp-json\/wp\/v2\/product\/23361","targetHints":{"allow":["GET"]}}],"collection":[{"href":"https:\/\/arxisdemexico.com.mx\/arxis\/wp-json\/wp\/v2\/product"}],"about":[{"href":"https:\/\/arxisdemexico.com.mx\/arxis\/wp-json\/wp\/v2\/types\/product"}],"replies":[{"embeddable":true,"href":"https:\/\/arxisdemexico.com.mx\/arxis\/wp-json\/wp\/v2\/comments?post=23361"}],"wp:featuredmedia":[{"embeddable":true,"href":"https:\/\/arxisdemexico.com.mx\/arxis\/wp-json\/wp\/v2\/media\/23362"}],"wp:attachment":[{"href":"https:\/\/arxisdemexico.com.mx\/arxis\/wp-json\/wp\/v2\/media?parent=23361"}],"wp:term":[{"taxonomy":"product_brand","embeddable":true,"href":"https:\/\/arxisdemexico.com.mx\/arxis\/wp-json\/wp\/v2\/product_brand?post=23361"},{"taxonomy":"product_cat","embeddable":true,"href":"https:\/\/arxisdemexico.com.mx\/arxis\/wp-json\/wp\/v2\/product_cat?post=23361"},{"taxonomy":"product_tag","embeddable":true,"href":"https:\/\/arxisdemexico.com.mx\/arxis\/wp-json\/wp\/v2\/product_tag?post=23361"}],"curies":[{"name":"wp","href":"https:\/\/api.w.org\/{rel}","templated":true}]}}