{"id":23340,"date":"2018-02-23T17:58:22","date_gmt":"2018-02-23T23:58:22","guid":{"rendered":"http:\/\/www.arxisdemexico.com.mx\/arxis\/?post_type=product&#038;p=23340"},"modified":"2018-02-23T17:58:22","modified_gmt":"2018-02-23T23:58:22","slug":"buzzer-o-zumbador-electronico-extra-para-llamada-de-calle-bz-1","status":"publish","type":"product","link":"https:\/\/arxisdemexico.com.mx\/arxis\/producto\/buzzer-o-zumbador-electronico-extra-para-llamada-de-calle-bz-1\/","title":{"rendered":"Buzzer o zumbador electr\u00f3nico extra para llamada de calle BZ-1"},"content":{"rendered":"<p>Buzzer extra (zumbador electr\u00f3nico) para llamada de calle, se alimenta de 16Vca. Genera un tono electr\u00f3nico con nivel de volumen alto.<\/p>\n","protected":false},"excerpt":{"rendered":"<p>Buzzer extra (zumbador electr\u00f3nico) para llamada de calle, se alimenta de 16Vca. Genera un tono electr\u00f3nico con nivel de volumen alto.<\/p>\n","protected":false},"featured_media":23344,"comment_status":"open","ping_status":"closed","template":"","meta":{"_et_pb_use_builder":"","_et_pb_old_content":"","_et_gb_content_width":""},"product_brand":[],"product_cat":[],"product_tag":[],"class_list":{"0":"post-23340","1":"product","2":"type-product","3":"status-publish","4":"has-post-thumbnail","7":"first","8":"instock","9":"taxable","10":"shipping-taxable","11":"product-type-simple"},"_links":{"self":[{"href":"https:\/\/arxisdemexico.com.mx\/arxis\/wp-json\/wp\/v2\/product\/23340","targetHints":{"allow":["GET"]}}],"collection":[{"href":"https:\/\/arxisdemexico.com.mx\/arxis\/wp-json\/wp\/v2\/product"}],"about":[{"href":"https:\/\/arxisdemexico.com.mx\/arxis\/wp-json\/wp\/v2\/types\/product"}],"replies":[{"embeddable":true,"href":"https:\/\/arxisdemexico.com.mx\/arxis\/wp-json\/wp\/v2\/comments?post=23340"}],"wp:featuredmedia":[{"embeddable":true,"href":"https:\/\/arxisdemexico.com.mx\/arxis\/wp-json\/wp\/v2\/media\/23344"}],"wp:attachment":[{"href":"https:\/\/arxisdemexico.com.mx\/arxis\/wp-json\/wp\/v2\/media?parent=23340"}],"wp:term":[{"taxonomy":"product_brand","embeddable":true,"href":"https:\/\/arxisdemexico.com.mx\/arxis\/wp-json\/wp\/v2\/product_brand?post=23340"},{"taxonomy":"product_cat","embeddable":true,"href":"https:\/\/arxisdemexico.com.mx\/arxis\/wp-json\/wp\/v2\/product_cat?post=23340"},{"taxonomy":"product_tag","embeddable":true,"href":"https:\/\/arxisdemexico.com.mx\/arxis\/wp-json\/wp\/v2\/product_tag?post=23340"}],"curies":[{"name":"wp","href":"https:\/\/api.w.org\/{rel}","templated":true}]}}