{"id":23326,"date":"2018-02-23T17:25:40","date_gmt":"2018-02-23T23:25:40","guid":{"rendered":"http:\/\/www.arxisdemexico.com.mx\/arxis\/?post_type=product&#038;p=23326"},"modified":"2018-02-23T17:25:40","modified_gmt":"2018-02-23T23:25:40","slug":"fuente-bloqueadora-con-llamada-electronica-bxc-20","status":"publish","type":"product","link":"https:\/\/arxisdemexico.com.mx\/arxis\/producto\/fuente-bloqueadora-con-llamada-electronica-bxc-20\/","title":{"rendered":"Fuente bloqueadora con llamada electr\u00f3nica BXC-20"},"content":{"rendered":"<p>Bloqueador autom\u00e1tico para aislar la comunicaci\u00f3n a ala calle con fuente de voltaje autorregulada integrada para intercomunicaciones.<\/p>\n","protected":false},"excerpt":{"rendered":"<p>Bloqueador autom\u00e1tico para aislar la comunicaci\u00f3n a ala calle con fuente de voltaje autorregulada integrada para intercomunicaciones.<\/p>\n","protected":false},"featured_media":23327,"comment_status":"open","ping_status":"closed","template":"","meta":{"_et_pb_use_builder":"","_et_pb_old_content":"","_et_gb_content_width":""},"product_brand":[],"product_cat":[],"product_tag":[],"class_list":{"0":"post-23326","1":"product","2":"type-product","3":"status-publish","4":"has-post-thumbnail","7":"first","8":"instock","9":"taxable","10":"shipping-taxable","11":"product-type-simple"},"_links":{"self":[{"href":"https:\/\/arxisdemexico.com.mx\/arxis\/wp-json\/wp\/v2\/product\/23326","targetHints":{"allow":["GET"]}}],"collection":[{"href":"https:\/\/arxisdemexico.com.mx\/arxis\/wp-json\/wp\/v2\/product"}],"about":[{"href":"https:\/\/arxisdemexico.com.mx\/arxis\/wp-json\/wp\/v2\/types\/product"}],"replies":[{"embeddable":true,"href":"https:\/\/arxisdemexico.com.mx\/arxis\/wp-json\/wp\/v2\/comments?post=23326"}],"wp:featuredmedia":[{"embeddable":true,"href":"https:\/\/arxisdemexico.com.mx\/arxis\/wp-json\/wp\/v2\/media\/23327"}],"wp:attachment":[{"href":"https:\/\/arxisdemexico.com.mx\/arxis\/wp-json\/wp\/v2\/media?parent=23326"}],"wp:term":[{"taxonomy":"product_brand","embeddable":true,"href":"https:\/\/arxisdemexico.com.mx\/arxis\/wp-json\/wp\/v2\/product_brand?post=23326"},{"taxonomy":"product_cat","embeddable":true,"href":"https:\/\/arxisdemexico.com.mx\/arxis\/wp-json\/wp\/v2\/product_cat?post=23326"},{"taxonomy":"product_tag","embeddable":true,"href":"https:\/\/arxisdemexico.com.mx\/arxis\/wp-json\/wp\/v2\/product_tag?post=23326"}],"curies":[{"name":"wp","href":"https:\/\/api.w.org\/{rel}","templated":true}]}}