{"id":23286,"date":"2018-02-23T12:02:57","date_gmt":"2018-02-23T18:02:57","guid":{"rendered":"http:\/\/www.arxisdemexico.com.mx\/arxis\/?post_type=product&#038;p=23286"},"modified":"2018-10-25T10:50:57","modified_gmt":"2018-10-25T15:50:57","slug":"chapa-electrica-reversible-ch-2","status":"publish","type":"product","link":"https:\/\/arxisdemexico.com.mx\/arxis\/producto\/chapa-electrica-reversible-ch-2\/","title":{"rendered":"Chapa el\u00e9ctrica reversible CH-2"},"content":{"rendered":"<p>Chapa el\u00e9ctrica reversible, con bot\u00f3n de salida y cilindro ajustable, voltaje de operaci\u00f3n 12 a 16 Vca. Intec<\/p>\n","protected":false},"excerpt":{"rendered":"<p>Chapa el\u00e9ctrica reversible, con bot\u00f3n de salida y cilindro ajustable, voltaje de operaci\u00f3n 12 a 16 Vca. Intec<\/p>\n","protected":false},"featured_media":23287,"comment_status":"open","ping_status":"closed","template":"","meta":{"_et_pb_use_builder":"","_et_pb_old_content":"","_et_gb_content_width":""},"product_brand":[],"product_cat":[593,630,633,634],"product_tag":[492],"class_list":{"0":"post-23286","1":"product","2":"type-product","3":"status-publish","4":"has-post-thumbnail","6":"product_cat-acceso-y-asistencia","7":"product_cat-cerraduras","8":"product_cat-cerraduras-electricas","9":"product_cat-cerraduras-cerraduras-electricas","10":"product_tag-intec","12":"first","13":"instock","14":"taxable","15":"shipping-taxable","16":"product-type-simple"},"_links":{"self":[{"href":"https:\/\/arxisdemexico.com.mx\/arxis\/wp-json\/wp\/v2\/product\/23286","targetHints":{"allow":["GET"]}}],"collection":[{"href":"https:\/\/arxisdemexico.com.mx\/arxis\/wp-json\/wp\/v2\/product"}],"about":[{"href":"https:\/\/arxisdemexico.com.mx\/arxis\/wp-json\/wp\/v2\/types\/product"}],"replies":[{"embeddable":true,"href":"https:\/\/arxisdemexico.com.mx\/arxis\/wp-json\/wp\/v2\/comments?post=23286"}],"wp:featuredmedia":[{"embeddable":true,"href":"https:\/\/arxisdemexico.com.mx\/arxis\/wp-json\/wp\/v2\/media\/23287"}],"wp:attachment":[{"href":"https:\/\/arxisdemexico.com.mx\/arxis\/wp-json\/wp\/v2\/media?parent=23286"}],"wp:term":[{"taxonomy":"product_brand","embeddable":true,"href":"https:\/\/arxisdemexico.com.mx\/arxis\/wp-json\/wp\/v2\/product_brand?post=23286"},{"taxonomy":"product_cat","embeddable":true,"href":"https:\/\/arxisdemexico.com.mx\/arxis\/wp-json\/wp\/v2\/product_cat?post=23286"},{"taxonomy":"product_tag","embeddable":true,"href":"https:\/\/arxisdemexico.com.mx\/arxis\/wp-json\/wp\/v2\/product_tag?post=23286"}],"curies":[{"name":"wp","href":"https:\/\/api.w.org\/{rel}","templated":true}]}}