{"id":23257,"date":"2018-02-21T17:23:37","date_gmt":"2018-02-21T23:23:37","guid":{"rendered":"http:\/\/www.arxisdemexico.com.mx\/arxis\/?post_type=product&#038;p=23257"},"modified":"2018-09-20T16:21:08","modified_gmt":"2018-09-20T21:21:08","slug":"ups-on-line-tower-6kva10kva","status":"publish","type":"product","link":"https:\/\/arxisdemexico.com.mx\/arxis\/producto\/ups-on-line-tower-6kva10kva\/","title":{"rendered":"UPS On-Line Tower 6KVA,10KVA"},"content":{"rendered":"<ul>\n<li>Doble Conversi\u00f3n<\/li>\n<li>Alto rendimiento garant\u00edas tecnolog\u00eda DSP.<\/li>\n<li>Dise\u00f1o tipo torre.<\/li>\n<li>Interfase LCD amigable con el usuario.<\/li>\n<li>Entrada activa del factor de potencia<\/li>\n<li>50Hz\/60Hz modo de convertidor de frecuencia.<\/li>\n<li>Funcionamiento en modo Eco para el ahorro energ\u00e9tico.<\/li>\n<li>Funci\u00f3n de apagado de emergencia (EPO).<\/li>\n<li>Generador Compatible.<\/li>\n<li>Comunicaciones SNMP\/USB\/RS-232.<\/li>\n<\/ul>\n","protected":false},"excerpt":{"rendered":"<p>Doble Conversi\u00f3n Alto rendimiento garant\u00edas tecnolog\u00eda DSP. Dise\u00f1o tipo torre. Interfase LCD amigable con el usuario. Entrada activa del factor de potencia 50Hz\/60Hz modo de convertidor de frecuencia. Funcionamiento en [&hellip;]<\/p>\n","protected":false},"featured_media":23258,"comment_status":"open","ping_status":"closed","template":"","meta":{"_et_pb_use_builder":"","_et_pb_old_content":"","_et_gb_content_width":""},"product_brand":[],"product_cat":[772,779,777],"product_tag":[489],"class_list":{"0":"post-23257","1":"product","2":"type-product","3":"status-publish","4":"has-post-thumbnail","6":"product_cat-energia","7":"product_cat-ups","8":"product_cat-respaldo","9":"product_tag-smartbitt","11":"first","12":"instock","13":"taxable","14":"shipping-taxable","15":"product-type-simple"},"_links":{"self":[{"href":"https:\/\/arxisdemexico.com.mx\/arxis\/wp-json\/wp\/v2\/product\/23257","targetHints":{"allow":["GET"]}}],"collection":[{"href":"https:\/\/arxisdemexico.com.mx\/arxis\/wp-json\/wp\/v2\/product"}],"about":[{"href":"https:\/\/arxisdemexico.com.mx\/arxis\/wp-json\/wp\/v2\/types\/product"}],"replies":[{"embeddable":true,"href":"https:\/\/arxisdemexico.com.mx\/arxis\/wp-json\/wp\/v2\/comments?post=23257"}],"wp:featuredmedia":[{"embeddable":true,"href":"https:\/\/arxisdemexico.com.mx\/arxis\/wp-json\/wp\/v2\/media\/23258"}],"wp:attachment":[{"href":"https:\/\/arxisdemexico.com.mx\/arxis\/wp-json\/wp\/v2\/media?parent=23257"}],"wp:term":[{"taxonomy":"product_brand","embeddable":true,"href":"https:\/\/arxisdemexico.com.mx\/arxis\/wp-json\/wp\/v2\/product_brand?post=23257"},{"taxonomy":"product_cat","embeddable":true,"href":"https:\/\/arxisdemexico.com.mx\/arxis\/wp-json\/wp\/v2\/product_cat?post=23257"},{"taxonomy":"product_tag","embeddable":true,"href":"https:\/\/arxisdemexico.com.mx\/arxis\/wp-json\/wp\/v2\/product_tag?post=23257"}],"curies":[{"name":"wp","href":"https:\/\/api.w.org\/{rel}","templated":true}]}}