{"id":23255,"date":"2018-02-21T17:36:43","date_gmt":"2018-02-21T23:36:43","guid":{"rendered":"http:\/\/www.arxisdemexico.com.mx\/arxis\/?post_type=product&#038;p=23255"},"modified":"2018-10-15T10:28:45","modified_gmt":"2018-10-15T15:28:45","slug":"telefono-diseno-bot-de-pared-de-un-boton","status":"publish","type":"product","link":"https:\/\/arxisdemexico.com.mx\/arxis\/producto\/telefono-diseno-bot-de-pared-de-un-boton\/","title":{"rendered":"Tel\u00e9fono dise\u00f1o Bot de pared de un bot\u00f3n. BOT-1"},"content":{"rendered":"<p>Tel\u00e9fono dise\u00f1o Bot de pared de un bot\u00f3n.\u00a0Auricular de Marca INTEC con un s\u00f3lo Bot\u00f3n compatible con los Sistemas Sencillos y Combinados<\/p>\n","protected":false},"excerpt":{"rendered":"<p>Tel\u00e9fono dise\u00f1o Bot de pared de un bot\u00f3n.\u00a0Auricular de Marca INTEC con un s\u00f3lo Bot\u00f3n compatible con los Sistemas Sencillos y Combinados<\/p>\n","protected":false},"featured_media":23259,"comment_status":"open","ping_status":"closed","template":"","meta":{"_et_pb_use_builder":"","_et_pb_old_content":"","_et_gb_content_width":""},"product_brand":[],"product_cat":[745,767,793],"product_tag":[492],"class_list":{"0":"post-23255","1":"product","2":"type-product","3":"status-publish","4":"has-post-thumbnail","6":"product_cat-redes-2","7":"product_cat-telefonia","8":"product_cat-telefonos","9":"product_tag-intec","11":"first","12":"instock","13":"taxable","14":"shipping-taxable","15":"product-type-simple"},"_links":{"self":[{"href":"https:\/\/arxisdemexico.com.mx\/arxis\/wp-json\/wp\/v2\/product\/23255","targetHints":{"allow":["GET"]}}],"collection":[{"href":"https:\/\/arxisdemexico.com.mx\/arxis\/wp-json\/wp\/v2\/product"}],"about":[{"href":"https:\/\/arxisdemexico.com.mx\/arxis\/wp-json\/wp\/v2\/types\/product"}],"replies":[{"embeddable":true,"href":"https:\/\/arxisdemexico.com.mx\/arxis\/wp-json\/wp\/v2\/comments?post=23255"}],"wp:featuredmedia":[{"embeddable":true,"href":"https:\/\/arxisdemexico.com.mx\/arxis\/wp-json\/wp\/v2\/media\/23259"}],"wp:attachment":[{"href":"https:\/\/arxisdemexico.com.mx\/arxis\/wp-json\/wp\/v2\/media?parent=23255"}],"wp:term":[{"taxonomy":"product_brand","embeddable":true,"href":"https:\/\/arxisdemexico.com.mx\/arxis\/wp-json\/wp\/v2\/product_brand?post=23255"},{"taxonomy":"product_cat","embeddable":true,"href":"https:\/\/arxisdemexico.com.mx\/arxis\/wp-json\/wp\/v2\/product_cat?post=23255"},{"taxonomy":"product_tag","embeddable":true,"href":"https:\/\/arxisdemexico.com.mx\/arxis\/wp-json\/wp\/v2\/product_tag?post=23255"}],"curies":[{"name":"wp","href":"https:\/\/api.w.org\/{rel}","templated":true}]}}