{"id":23254,"date":"2018-02-21T17:20:29","date_gmt":"2018-02-21T23:20:29","guid":{"rendered":"http:\/\/www.arxisdemexico.com.mx\/arxis\/?post_type=product&#038;p=23254"},"modified":"2018-09-20T16:21:26","modified_gmt":"2018-09-20T21:21:26","slug":"ups-on-line-rt-iso-6kva-10kva","status":"publish","type":"product","link":"https:\/\/arxisdemexico.com.mx\/arxis\/producto\/ups-on-line-rt-iso-6kva-10kva\/","title":{"rendered":"UPS On-Line RT ISO 6KVA, 10KVA"},"content":{"rendered":"<ul>\n<li>Doble conversi\u00f3n<\/li>\n<li>Alto rendimiento garantizado tecnolog\u00eda DSP.<\/li>\n<li>Dise\u00f1o Rack \/ Torre.<\/li>\n<li>Interfase LCD amigable con el usuario.<\/li>\n<li>Entrada activa del factor de potencia<\/li>\n<li>50Hz\/60Hz modo de convertidor de frecuencia.<\/li>\n<li>Modo Eco para ahorro energ\u00e9tico.<\/li>\n<li>Funci\u00f3n de apagado de emergencia (EPO).<\/li>\n<li>Compatible con planta de emergencia<\/li>\n<li>Comunicaciones SNMP\/USB\/RS-232.<\/li>\n<\/ul>\n","protected":false},"excerpt":{"rendered":"<p>Doble conversi\u00f3n Alto rendimiento garantizado tecnolog\u00eda DSP. Dise\u00f1o Rack \/ Torre. Interfase LCD amigable con el usuario. Entrada activa del factor de potencia 50Hz\/60Hz modo de convertidor de frecuencia. Modo [&hellip;]<\/p>\n","protected":false},"featured_media":23256,"comment_status":"open","ping_status":"closed","template":"","meta":{"_et_pb_use_builder":"","_et_pb_old_content":"","_et_gb_content_width":""},"product_brand":[],"product_cat":[772,779,777],"product_tag":[489],"class_list":{"0":"post-23254","1":"product","2":"type-product","3":"status-publish","4":"has-post-thumbnail","6":"product_cat-energia","7":"product_cat-ups","8":"product_cat-respaldo","9":"product_tag-smartbitt","11":"first","12":"instock","13":"taxable","14":"shipping-taxable","15":"product-type-simple"},"_links":{"self":[{"href":"https:\/\/arxisdemexico.com.mx\/arxis\/wp-json\/wp\/v2\/product\/23254","targetHints":{"allow":["GET"]}}],"collection":[{"href":"https:\/\/arxisdemexico.com.mx\/arxis\/wp-json\/wp\/v2\/product"}],"about":[{"href":"https:\/\/arxisdemexico.com.mx\/arxis\/wp-json\/wp\/v2\/types\/product"}],"replies":[{"embeddable":true,"href":"https:\/\/arxisdemexico.com.mx\/arxis\/wp-json\/wp\/v2\/comments?post=23254"}],"wp:featuredmedia":[{"embeddable":true,"href":"https:\/\/arxisdemexico.com.mx\/arxis\/wp-json\/wp\/v2\/media\/23256"}],"wp:attachment":[{"href":"https:\/\/arxisdemexico.com.mx\/arxis\/wp-json\/wp\/v2\/media?parent=23254"}],"wp:term":[{"taxonomy":"product_brand","embeddable":true,"href":"https:\/\/arxisdemexico.com.mx\/arxis\/wp-json\/wp\/v2\/product_brand?post=23254"},{"taxonomy":"product_cat","embeddable":true,"href":"https:\/\/arxisdemexico.com.mx\/arxis\/wp-json\/wp\/v2\/product_cat?post=23254"},{"taxonomy":"product_tag","embeddable":true,"href":"https:\/\/arxisdemexico.com.mx\/arxis\/wp-json\/wp\/v2\/product_tag?post=23254"}],"curies":[{"name":"wp","href":"https:\/\/api.w.org\/{rel}","templated":true}]}}