{"id":23251,"date":"2018-02-21T17:18:08","date_gmt":"2018-02-21T23:18:08","guid":{"rendered":"http:\/\/www.arxisdemexico.com.mx\/arxis\/?post_type=product&#038;p=23251"},"modified":"2018-09-21T13:55:12","modified_gmt":"2018-09-21T18:55:12","slug":"frente-de-calle-de-empotrar-de-un-boton","status":"publish","type":"product","link":"https:\/\/arxisdemexico.com.mx\/arxis\/producto\/frente-de-calle-de-empotrar-de-un-boton\/","title":{"rendered":"Frente de calle de empotrar de un bot\u00f3n INK-1"},"content":{"rendered":"<p>Frente de calle de empotrar de un bot\u00f3n l\u00ednea tec, con placa de aluminio anodizado color natural y chapa de seguridad antirrobo. Interf\u00f3n Sencillo \u2022 Comunicaci\u00f3n.<\/p>\n","protected":false},"excerpt":{"rendered":"<p>Frente de calle de empotrar de un bot\u00f3n l\u00ednea tec, con placa de aluminio anodizado color natural y chapa de seguridad antirrobo. Interf\u00f3n Sencillo \u2022 Comunicaci\u00f3n.<\/p>\n","protected":false},"featured_media":23253,"comment_status":"open","ping_status":"closed","template":"","meta":{"_et_pb_use_builder":"","_et_pb_old_content":"","_et_gb_content_width":""},"product_brand":[],"product_cat":[593,594,605],"product_tag":[492],"class_list":{"0":"post-23251","1":"product","2":"type-product","3":"status-publish","4":"has-post-thumbnail","6":"product_cat-acceso-y-asistencia","7":"product_cat-videoporteros","8":"product_cat-audioportero","9":"product_tag-intec","11":"first","12":"instock","13":"taxable","14":"shipping-taxable","15":"product-type-simple"},"_links":{"self":[{"href":"https:\/\/arxisdemexico.com.mx\/arxis\/wp-json\/wp\/v2\/product\/23251","targetHints":{"allow":["GET"]}}],"collection":[{"href":"https:\/\/arxisdemexico.com.mx\/arxis\/wp-json\/wp\/v2\/product"}],"about":[{"href":"https:\/\/arxisdemexico.com.mx\/arxis\/wp-json\/wp\/v2\/types\/product"}],"replies":[{"embeddable":true,"href":"https:\/\/arxisdemexico.com.mx\/arxis\/wp-json\/wp\/v2\/comments?post=23251"}],"wp:featuredmedia":[{"embeddable":true,"href":"https:\/\/arxisdemexico.com.mx\/arxis\/wp-json\/wp\/v2\/media\/23253"}],"wp:attachment":[{"href":"https:\/\/arxisdemexico.com.mx\/arxis\/wp-json\/wp\/v2\/media?parent=23251"}],"wp:term":[{"taxonomy":"product_brand","embeddable":true,"href":"https:\/\/arxisdemexico.com.mx\/arxis\/wp-json\/wp\/v2\/product_brand?post=23251"},{"taxonomy":"product_cat","embeddable":true,"href":"https:\/\/arxisdemexico.com.mx\/arxis\/wp-json\/wp\/v2\/product_cat?post=23251"},{"taxonomy":"product_tag","embeddable":true,"href":"https:\/\/arxisdemexico.com.mx\/arxis\/wp-json\/wp\/v2\/product_tag?post=23251"}],"curies":[{"name":"wp","href":"https:\/\/api.w.org\/{rel}","templated":true}]}}