{"id":23239,"date":"2018-02-21T16:53:37","date_gmt":"2018-02-21T22:53:37","guid":{"rendered":"http:\/\/www.arxisdemexico.com.mx\/arxis\/?post_type=product&#038;p=23239"},"modified":"2018-09-20T16:22:14","modified_gmt":"2018-09-20T21:22:14","slug":"no-break-sbnb2200proii","status":"publish","type":"product","link":"https:\/\/arxisdemexico.com.mx\/arxis\/producto\/no-break-sbnb2200proii\/","title":{"rendered":"No Break SBNB2200PROII"},"content":{"rendered":"<ul>\n<li>UPS interactivo\u00a0de 2200VA \/ 1800W<\/li>\n<li>3 Pasos de regulaci\u00f3n<\/li>\n<li>Onda senoidal pura.<\/li>\n<li>Pantalla LCD de f\u00e1cil lectura<\/li>\n<li>Dise\u00f1o tipo Rack\/Torre<\/li>\n<\/ul>\n","protected":false},"excerpt":{"rendered":"<p>UPS interactivo\u00a0de 2200VA \/ 1800W 3 Pasos de regulaci\u00f3n Onda senoidal pura. Pantalla LCD de f\u00e1cil lectura Dise\u00f1o tipo Rack\/Torre<\/p>\n","protected":false},"featured_media":23245,"comment_status":"open","ping_status":"closed","template":"","meta":{"_et_pb_use_builder":"","_et_pb_old_content":"","_et_gb_content_width":""},"product_brand":[],"product_cat":[772,777,778],"product_tag":[489],"class_list":{"0":"post-23239","1":"product","2":"type-product","3":"status-publish","4":"has-post-thumbnail","6":"product_cat-energia","7":"product_cat-respaldo","8":"product_cat-no-breaks","9":"product_tag-smartbitt","11":"first","12":"instock","13":"taxable","14":"shipping-taxable","15":"product-type-simple"},"_links":{"self":[{"href":"https:\/\/arxisdemexico.com.mx\/arxis\/wp-json\/wp\/v2\/product\/23239","targetHints":{"allow":["GET"]}}],"collection":[{"href":"https:\/\/arxisdemexico.com.mx\/arxis\/wp-json\/wp\/v2\/product"}],"about":[{"href":"https:\/\/arxisdemexico.com.mx\/arxis\/wp-json\/wp\/v2\/types\/product"}],"replies":[{"embeddable":true,"href":"https:\/\/arxisdemexico.com.mx\/arxis\/wp-json\/wp\/v2\/comments?post=23239"}],"wp:featuredmedia":[{"embeddable":true,"href":"https:\/\/arxisdemexico.com.mx\/arxis\/wp-json\/wp\/v2\/media\/23245"}],"wp:attachment":[{"href":"https:\/\/arxisdemexico.com.mx\/arxis\/wp-json\/wp\/v2\/media?parent=23239"}],"wp:term":[{"taxonomy":"product_brand","embeddable":true,"href":"https:\/\/arxisdemexico.com.mx\/arxis\/wp-json\/wp\/v2\/product_brand?post=23239"},{"taxonomy":"product_cat","embeddable":true,"href":"https:\/\/arxisdemexico.com.mx\/arxis\/wp-json\/wp\/v2\/product_cat?post=23239"},{"taxonomy":"product_tag","embeddable":true,"href":"https:\/\/arxisdemexico.com.mx\/arxis\/wp-json\/wp\/v2\/product_tag?post=23239"}],"curies":[{"name":"wp","href":"https:\/\/api.w.org\/{rel}","templated":true}]}}