{"id":23225,"date":"2018-02-21T14:43:49","date_gmt":"2018-02-21T20:43:49","guid":{"rendered":"http:\/\/www.arxisdemexico.com.mx\/arxis\/?post_type=product&#038;p=23225"},"modified":"2018-09-20T16:24:23","modified_gmt":"2018-09-20T21:24:23","slug":"no-break-nb1200","status":"publish","type":"product","link":"https:\/\/arxisdemexico.com.mx\/arxis\/producto\/no-break-nb1200\/","title":{"rendered":"No Break NB1200"},"content":{"rendered":"<ul>\n<li>UPS interactivo\u00a0de 1200VA \/ 600W<\/li>\n<li>Suprime picos de voltaje.<\/li>\n<li>Regula la variaci\u00f3n de voltaje del suministro el\u00e9ctrico.<\/li>\n<li>8 contactos con regulaci\u00f3n, supresi\u00f3n y respaldo de bater\u00eda.<\/li>\n<li>Tomacorrientes NEMA 5-15R<\/li>\n<\/ul>\n","protected":false},"excerpt":{"rendered":"<p>UPS interactivo\u00a0de 1200VA \/ 600W Suprime picos de voltaje. Regula la variaci\u00f3n de voltaje del suministro el\u00e9ctrico. 8 contactos con regulaci\u00f3n, supresi\u00f3n y respaldo de bater\u00eda. Tomacorrientes NEMA 5-15R<\/p>\n","protected":false},"featured_media":23227,"comment_status":"open","ping_status":"closed","template":"","meta":{"_et_pb_use_builder":"","_et_pb_old_content":"","_et_gb_content_width":""},"product_brand":[],"product_cat":[772,777,778],"product_tag":[489],"class_list":{"0":"post-23225","1":"product","2":"type-product","3":"status-publish","4":"has-post-thumbnail","6":"product_cat-energia","7":"product_cat-respaldo","8":"product_cat-no-breaks","9":"product_tag-smartbitt","11":"first","12":"instock","13":"taxable","14":"shipping-taxable","15":"product-type-simple"},"_links":{"self":[{"href":"https:\/\/arxisdemexico.com.mx\/arxis\/wp-json\/wp\/v2\/product\/23225","targetHints":{"allow":["GET"]}}],"collection":[{"href":"https:\/\/arxisdemexico.com.mx\/arxis\/wp-json\/wp\/v2\/product"}],"about":[{"href":"https:\/\/arxisdemexico.com.mx\/arxis\/wp-json\/wp\/v2\/types\/product"}],"replies":[{"embeddable":true,"href":"https:\/\/arxisdemexico.com.mx\/arxis\/wp-json\/wp\/v2\/comments?post=23225"}],"wp:featuredmedia":[{"embeddable":true,"href":"https:\/\/arxisdemexico.com.mx\/arxis\/wp-json\/wp\/v2\/media\/23227"}],"wp:attachment":[{"href":"https:\/\/arxisdemexico.com.mx\/arxis\/wp-json\/wp\/v2\/media?parent=23225"}],"wp:term":[{"taxonomy":"product_brand","embeddable":true,"href":"https:\/\/arxisdemexico.com.mx\/arxis\/wp-json\/wp\/v2\/product_brand?post=23225"},{"taxonomy":"product_cat","embeddable":true,"href":"https:\/\/arxisdemexico.com.mx\/arxis\/wp-json\/wp\/v2\/product_cat?post=23225"},{"taxonomy":"product_tag","embeddable":true,"href":"https:\/\/arxisdemexico.com.mx\/arxis\/wp-json\/wp\/v2\/product_tag?post=23225"}],"curies":[{"name":"wp","href":"https:\/\/api.w.org\/{rel}","templated":true}]}}