{"id":23215,"date":"2018-02-21T13:47:16","date_gmt":"2018-02-21T19:47:16","guid":{"rendered":"http:\/\/www.arxisdemexico.com.mx\/arxis\/?post_type=product&#038;p=23215"},"modified":"2018-09-20T13:36:47","modified_gmt":"2018-09-20T18:36:47","slug":"no-break-sbnb800","status":"publish","type":"product","link":"https:\/\/arxisdemexico.com.mx\/arxis\/producto\/no-break-sbnb800\/","title":{"rendered":"No Break SBNB800"},"content":{"rendered":"<ul>\n<li>UPS interactivo\u00a0de 800VA \/400W<\/li>\n<li>Mantiene energ\u00eda a sus equipos hasta por 40 Minutos*<\/li>\n<li>Suprime picos de voltaje.<\/li>\n<li>Regula la variaci\u00f3n de voltaje del suministro el\u00e9ctrico.<\/li>\n<li>6\u00a0Contactos con regulaci\u00f3n, supresi\u00f3n y respaldo de bater\u00eda<\/li>\n<li>Tomacorrientes NEMA 5-15<\/li>\n<li>*El Tiempo de respaldo puede variar dependiendo la carga conectada al UPS<\/li>\n<\/ul>\n","protected":false},"excerpt":{"rendered":"<p>UPS interactivo\u00a0de 800VA \/400W Mantiene energ\u00eda a sus equipos hasta por 40 Minutos* Suprime picos de voltaje. Regula la variaci\u00f3n de voltaje del suministro el\u00e9ctrico. 6\u00a0Contactos con regulaci\u00f3n, supresi\u00f3n y [&hellip;]<\/p>\n","protected":false},"featured_media":23216,"comment_status":"open","ping_status":"closed","template":"","meta":{"_et_pb_use_builder":"","_et_pb_old_content":"","_et_gb_content_width":""},"product_brand":[],"product_cat":[772,777,778],"product_tag":[489],"class_list":{"0":"post-23215","1":"product","2":"type-product","3":"status-publish","4":"has-post-thumbnail","6":"product_cat-energia","7":"product_cat-respaldo","8":"product_cat-no-breaks","9":"product_tag-smartbitt","11":"first","12":"instock","13":"taxable","14":"shipping-taxable","15":"product-type-simple"},"_links":{"self":[{"href":"https:\/\/arxisdemexico.com.mx\/arxis\/wp-json\/wp\/v2\/product\/23215","targetHints":{"allow":["GET"]}}],"collection":[{"href":"https:\/\/arxisdemexico.com.mx\/arxis\/wp-json\/wp\/v2\/product"}],"about":[{"href":"https:\/\/arxisdemexico.com.mx\/arxis\/wp-json\/wp\/v2\/types\/product"}],"replies":[{"embeddable":true,"href":"https:\/\/arxisdemexico.com.mx\/arxis\/wp-json\/wp\/v2\/comments?post=23215"}],"wp:featuredmedia":[{"embeddable":true,"href":"https:\/\/arxisdemexico.com.mx\/arxis\/wp-json\/wp\/v2\/media\/23216"}],"wp:attachment":[{"href":"https:\/\/arxisdemexico.com.mx\/arxis\/wp-json\/wp\/v2\/media?parent=23215"}],"wp:term":[{"taxonomy":"product_brand","embeddable":true,"href":"https:\/\/arxisdemexico.com.mx\/arxis\/wp-json\/wp\/v2\/product_brand?post=23215"},{"taxonomy":"product_cat","embeddable":true,"href":"https:\/\/arxisdemexico.com.mx\/arxis\/wp-json\/wp\/v2\/product_cat?post=23215"},{"taxonomy":"product_tag","embeddable":true,"href":"https:\/\/arxisdemexico.com.mx\/arxis\/wp-json\/wp\/v2\/product_tag?post=23215"}],"curies":[{"name":"wp","href":"https:\/\/api.w.org\/{rel}","templated":true}]}}