{"id":23129,"date":"2018-02-20T13:15:57","date_gmt":"2018-02-20T19:15:57","guid":{"rendered":"http:\/\/www.arxisdemexico.com.mx\/arxis\/?post_type=product&#038;p=23129"},"modified":"2018-10-23T14:27:45","modified_gmt":"2018-10-23T19:27:45","slug":"p7-control-de-acceso-y-control-de-asistencia-biometrico-y-de-tarjeta-rfid","status":"publish","type":"product","link":"https:\/\/arxisdemexico.com.mx\/arxis\/producto\/p7-control-de-acceso-y-control-de-asistencia-biometrico-y-de-tarjeta-rfid\/","title":{"rendered":"Control de acceso y control de asistencia biom\u00e9trico y de tarjeta RFID  P7"},"content":{"rendered":"<p><i>\u2022\u00a0<\/i>Utiliza el algoritmo Anviz central inteligente.<br \/>\n<i>\u2022\u00a0<\/i>3,000 huellas dactilares, 3,000 tarjetas y 50,000 registros.<br \/>\n<i>\u2022\u00a0<\/i>Dispositivo de captura \u00f3ptico de huellas dactilares impermeable, y adaptarse a todo tipo de huellas dactilares.<br \/>\n<i>\u2022\u00a0<\/i>Sensor de huellas dactilares de activaci\u00f3n t\u00e1ctil y por teclado.<br \/>\n<i>\u2022\u00a0<\/i>Soporte de alimentaci\u00f3n POE para ambos dispositivos y bloqueo.<br \/>\n<i>\u2022\u00a0<\/i>Comunicaci\u00f3n RS485, mini USB y TCP \/ IP, salida Wiegand.<br \/>\n<i>\u2022\u00a0<\/i>Cerradura de la puerta directamente controlada, gesti\u00f3n de la agrupaci\u00f3n, ajuste de la hora.<br \/>\n<i>\u2022\u00a0<\/i>Seguridad de la puerta de alarma interfaz con se\u00f1al, para mantenerse a s\u00ed mismo de nuevo.<br \/>\n<i>\u2022\u00a0<\/i>Huella digital, contrase\u00f1a y combinaci\u00f3n de cartas independiente y reconocimiento.<br \/>\n<i>\u2022\u00a0<\/i>Toque las teclas num\u00e9ricas con fondo brillante.<br \/>\n<i>\u2022\u00a0<\/i>Pantallas OLED de alta precisi\u00f3n.<br \/>\n<i>\u2022\u00a0<\/i>M\u00f3dulo EM est\u00e1ndar de lector de tarjetas RFID, el m\u00f3dulo de Mifare opcional con se\u00f1al, para mantenerse a s\u00ed mismo de nuevo.<br \/>\n<i>\u2022\u00a0<\/i>Cubierta impermeable opcional, cuenta de su uso en exteriores IP53.<br \/>\n\u200b<i>\u2022\u00a0<\/i>Soporte de software para el per\u00edodo de tiempo, manejo de grupos, permisos de acceso de grupo 16, un control flexible.<br \/>\n\u200b\u200b<i>\u2022\u00a0<\/i>32 entrance guard time de datos de monitoreo en tiempo real, f\u00e1cil de aprender y f\u00e1cil de usar.<\/p>\n","protected":false},"excerpt":{"rendered":"<p>\u2022\u00a0Utiliza el algoritmo Anviz central inteligente. \u2022\u00a03,000 huellas dactilares, 3,000 tarjetas y 50,000 registros. \u2022\u00a0Dispositivo de captura \u00f3ptico de huellas dactilares impermeable, y adaptarse a todo tipo de huellas dactilares. [&hellip;]<\/p>\n","protected":false},"featured_media":23130,"comment_status":"open","ping_status":"closed","template":"","meta":{"_et_pb_use_builder":"","_et_pb_old_content":"","_et_gb_content_width":""},"product_brand":[],"product_cat":[593,800,639],"product_tag":[495],"class_list":{"0":"post-23129","1":"product","2":"type-product","3":"status-publish","4":"has-post-thumbnail","6":"product_cat-acceso-y-asistencia","7":"product_cat-lectoras","8":"product_cat-biometricos","9":"product_tag-anviz","11":"first","12":"instock","13":"taxable","14":"shipping-taxable","15":"product-type-simple"},"_links":{"self":[{"href":"https:\/\/arxisdemexico.com.mx\/arxis\/wp-json\/wp\/v2\/product\/23129","targetHints":{"allow":["GET"]}}],"collection":[{"href":"https:\/\/arxisdemexico.com.mx\/arxis\/wp-json\/wp\/v2\/product"}],"about":[{"href":"https:\/\/arxisdemexico.com.mx\/arxis\/wp-json\/wp\/v2\/types\/product"}],"replies":[{"embeddable":true,"href":"https:\/\/arxisdemexico.com.mx\/arxis\/wp-json\/wp\/v2\/comments?post=23129"}],"wp:featuredmedia":[{"embeddable":true,"href":"https:\/\/arxisdemexico.com.mx\/arxis\/wp-json\/wp\/v2\/media\/23130"}],"wp:attachment":[{"href":"https:\/\/arxisdemexico.com.mx\/arxis\/wp-json\/wp\/v2\/media?parent=23129"}],"wp:term":[{"taxonomy":"product_brand","embeddable":true,"href":"https:\/\/arxisdemexico.com.mx\/arxis\/wp-json\/wp\/v2\/product_brand?post=23129"},{"taxonomy":"product_cat","embeddable":true,"href":"https:\/\/arxisdemexico.com.mx\/arxis\/wp-json\/wp\/v2\/product_cat?post=23129"},{"taxonomy":"product_tag","embeddable":true,"href":"https:\/\/arxisdemexico.com.mx\/arxis\/wp-json\/wp\/v2\/product_tag?post=23129"}],"curies":[{"name":"wp","href":"https:\/\/api.w.org\/{rel}","templated":true}]}}