{"id":23120,"date":"2018-02-20T12:55:45","date_gmt":"2018-02-20T18:55:45","guid":{"rendered":"http:\/\/www.arxisdemexico.com.mx\/arxis\/?post_type=product&#038;p=23120"},"modified":"2018-10-23T14:28:00","modified_gmt":"2018-10-23T19:28:00","slug":"oa1000-wifi-control-de-acceso-y-de-asistencia-biometrico-de-tarjeta-rfid","status":"publish","type":"product","link":"https:\/\/arxisdemexico.com.mx\/arxis\/producto\/oa1000-wifi-control-de-acceso-y-de-asistencia-biometrico-de-tarjeta-rfid\/","title":{"rendered":"Control de acceso y de asistencia biom\u00e9trico de tarjeta RFID OA1000-WiFi"},"content":{"rendered":"<p><i>\u2022\u00a0<\/i>Samsung TFT 3.5 pulgadas LCD industrial de alto brillo.<br \/>\n<i>\u2022\u00a0<\/i>Procesador de alta velocidad de 400 MHz Samsung Arm9.<br \/>\n<i>\u2022\u00a0<\/i>Plataforma con algoritmo BioNano core (1:5000 de menos de 1 seg).<br \/>\n<i>\u2022\u00a0<\/i>Sistema operativo Windows CE 5.0 Embedded.<br \/>\n<i>\u2022\u00a0<\/i>Sensor \u00f3ptico de huellas dactilares ANVIZ de nueva generaci\u00f3n.<br \/>\n<i>\u2022\u00a0<\/i>Resistente al agua y al polvo, resistente a los ara\u00f1azos, irrompible y duradero.<br \/>\n<i>\u2022\u00a0<\/i>M\u00e9todo de identificaci\u00f3n m\u00faltiple: huella digital, tarjeta, huella digital + tarjeta, huella digital + ID, ID + contrase\u00f1a, tarjeta + contrase\u00f1a.<br \/>\n<i>\u2022\u00a0<\/i>Indicador de voz personalizable y el estado de la atenci\u00f3n del tiempo. Imagen del usuario pantalla, personal y p\u00fablica de mensajes.<br \/>\n<i>\u2022\u00a0<\/i>El usuario puede seleccionar el idioma local en el men\u00fa.<br \/>\n<i>\u2022\u00a0<\/i>1.3 millones de p\u00edxeles de la c\u00e1mara, altavoz, micr\u00f3fono, 1 USB y 1 puerto RJ45.<br \/>\n<i>\u2022\u00a0<\/i>Soporte TCP \/ IP, RS232 \/ 485, anfitri\u00f3n del USB, tarjeta de 4G TF.<br \/>\n<i>\u2022\u00a0<\/i>Nuevo WiFi moudle 30-50m efectiva comunicaci\u00f3n a distancia,opcional.<br \/>\n<i>\u2022\u00a0<\/i>Moudle menor power LENO GPRS. Soporta 850MZH, 900MZH, 1800MZH, 1900MZH, opcional.<br \/>\n<i>\u2022\u00a0<\/i>Lector de tarjetas RFID est\u00e1ndar, Mifare opcional o lector de tarjetas HID.<br \/>\n<i>\u2022\u00a0<\/i>Controlador opcional de acceso SAC844 de tipo separado sistema de control de acceso seguro.<br \/>\n\u200b<i>\u2022\u00a0<\/i>Soporte en tiempo real registro de descarga, monitor de l\u00ednea, control de acceso remoto, y la identificaci\u00f3n del servidor, etc.<br \/>\n\u200b<\/p>\n","protected":false},"excerpt":{"rendered":"<p>\u2022\u00a0Samsung TFT 3.5 pulgadas LCD industrial de alto brillo. \u2022\u00a0Procesador de alta velocidad de 400 MHz Samsung Arm9. \u2022\u00a0Plataforma con algoritmo BioNano core (1:5000 de menos de 1 seg). \u2022\u00a0Sistema [&hellip;]<\/p>\n","protected":false},"featured_media":23121,"comment_status":"open","ping_status":"closed","template":"","meta":{"_et_pb_use_builder":"","_et_pb_old_content":"","_et_gb_content_width":""},"product_brand":[],"product_cat":[593,800,639],"product_tag":[495],"class_list":{"0":"post-23120","1":"product","2":"type-product","3":"status-publish","4":"has-post-thumbnail","6":"product_cat-acceso-y-asistencia","7":"product_cat-lectoras","8":"product_cat-biometricos","9":"product_tag-anviz","11":"first","12":"instock","13":"taxable","14":"shipping-taxable","15":"product-type-simple"},"_links":{"self":[{"href":"https:\/\/arxisdemexico.com.mx\/arxis\/wp-json\/wp\/v2\/product\/23120","targetHints":{"allow":["GET"]}}],"collection":[{"href":"https:\/\/arxisdemexico.com.mx\/arxis\/wp-json\/wp\/v2\/product"}],"about":[{"href":"https:\/\/arxisdemexico.com.mx\/arxis\/wp-json\/wp\/v2\/types\/product"}],"replies":[{"embeddable":true,"href":"https:\/\/arxisdemexico.com.mx\/arxis\/wp-json\/wp\/v2\/comments?post=23120"}],"wp:featuredmedia":[{"embeddable":true,"href":"https:\/\/arxisdemexico.com.mx\/arxis\/wp-json\/wp\/v2\/media\/23121"}],"wp:attachment":[{"href":"https:\/\/arxisdemexico.com.mx\/arxis\/wp-json\/wp\/v2\/media?parent=23120"}],"wp:term":[{"taxonomy":"product_brand","embeddable":true,"href":"https:\/\/arxisdemexico.com.mx\/arxis\/wp-json\/wp\/v2\/product_brand?post=23120"},{"taxonomy":"product_cat","embeddable":true,"href":"https:\/\/arxisdemexico.com.mx\/arxis\/wp-json\/wp\/v2\/product_cat?post=23120"},{"taxonomy":"product_tag","embeddable":true,"href":"https:\/\/arxisdemexico.com.mx\/arxis\/wp-json\/wp\/v2\/product_tag?post=23120"}],"curies":[{"name":"wp","href":"https:\/\/api.w.org\/{rel}","templated":true}]}}