{"id":23001,"date":"2018-02-19T18:08:09","date_gmt":"2018-02-20T00:08:09","guid":{"rendered":"http:\/\/www.arxisdemexico.com.mx\/arxis\/?post_type=product&#038;p=23001"},"modified":"2018-09-20T12:19:09","modified_gmt":"2018-09-20T17:19:09","slug":"telefono-alambrico-unilinea-kx-t7705x-b","status":"publish","type":"product","link":"https:\/\/arxisdemexico.com.mx\/arxis\/producto\/telefono-alambrico-unilinea-kx-t7705x-b\/","title":{"rendered":"Tel\u00e9fono alambrico unil\u00ednea KX-T7705X-B"},"content":{"rendered":"<p>Panasonic KX-T7705X-B. Tipo: Tel\u00e9fono anal\u00f3gico. Altavoz. Capacidad de lista de direcciones: 30 entradas. Identificador de llamadas. Color negro y blanco.<\/p>\n","protected":false},"excerpt":{"rendered":"<p>Panasonic KX-T7705X-B. Tipo: Tel\u00e9fono anal\u00f3gico. Altavoz. Capacidad de lista de direcciones: 30 entradas. Identificador de llamadas. Color negro y blanco.<\/p>\n","protected":false},"featured_media":23007,"comment_status":"open","ping_status":"closed","template":"","meta":{"_et_pb_use_builder":"","_et_pb_old_content":"","_et_gb_content_width":""},"product_brand":[],"product_cat":[745,767],"product_tag":[490],"class_list":{"0":"post-23001","1":"product","2":"type-product","3":"status-publish","4":"has-post-thumbnail","6":"product_cat-redes-2","7":"product_cat-telefonia","8":"product_tag-panasonic","10":"first","11":"instock","12":"taxable","13":"shipping-taxable","14":"product-type-simple"},"_links":{"self":[{"href":"https:\/\/arxisdemexico.com.mx\/arxis\/wp-json\/wp\/v2\/product\/23001","targetHints":{"allow":["GET"]}}],"collection":[{"href":"https:\/\/arxisdemexico.com.mx\/arxis\/wp-json\/wp\/v2\/product"}],"about":[{"href":"https:\/\/arxisdemexico.com.mx\/arxis\/wp-json\/wp\/v2\/types\/product"}],"replies":[{"embeddable":true,"href":"https:\/\/arxisdemexico.com.mx\/arxis\/wp-json\/wp\/v2\/comments?post=23001"}],"wp:featuredmedia":[{"embeddable":true,"href":"https:\/\/arxisdemexico.com.mx\/arxis\/wp-json\/wp\/v2\/media\/23007"}],"wp:attachment":[{"href":"https:\/\/arxisdemexico.com.mx\/arxis\/wp-json\/wp\/v2\/media?parent=23001"}],"wp:term":[{"taxonomy":"product_brand","embeddable":true,"href":"https:\/\/arxisdemexico.com.mx\/arxis\/wp-json\/wp\/v2\/product_brand?post=23001"},{"taxonomy":"product_cat","embeddable":true,"href":"https:\/\/arxisdemexico.com.mx\/arxis\/wp-json\/wp\/v2\/product_cat?post=23001"},{"taxonomy":"product_tag","embeddable":true,"href":"https:\/\/arxisdemexico.com.mx\/arxis\/wp-json\/wp\/v2\/product_tag?post=23001"}],"curies":[{"name":"wp","href":"https:\/\/api.w.org\/{rel}","templated":true}]}}