{"id":22960,"date":"2018-02-19T17:34:34","date_gmt":"2018-02-19T23:34:34","guid":{"rendered":"http:\/\/www.arxisdemexico.com.mx\/arxis\/?post_type=product&#038;p=22960"},"modified":"2018-09-19T18:11:08","modified_gmt":"2018-09-19T23:11:08","slug":"telefono-inalambrico-con-4-auriculares-kx-tgc214meb","status":"publish","type":"product","link":"https:\/\/arxisdemexico.com.mx\/arxis\/producto\/telefono-inalambrico-con-4-auriculares-kx-tgc214meb\/","title":{"rendered":"Tel\u00e9fono inal\u00e1mbrico con 4 auriculares KX-TGC214MEB"},"content":{"rendered":"<p>Tel\u00e9fono inal\u00e1mbrico con identificador de llamadas, modo eco, directorio telef\u00f3nico, bot\u00f3n para intercom,\u00a0altavoz con micr\u00f3fono con 4 auriculares.<\/p>\n","protected":false},"excerpt":{"rendered":"<p>Tel\u00e9fono inal\u00e1mbrico con identificador de llamadas, modo eco, directorio telef\u00f3nico, bot\u00f3n para intercom,\u00a0altavoz con micr\u00f3fono con 4 auriculares.<\/p>\n","protected":false},"featured_media":22967,"comment_status":"open","ping_status":"closed","template":"","meta":{"_et_pb_use_builder":"","_et_pb_old_content":"","_et_gb_content_width":""},"product_brand":[],"product_cat":[745,767,771],"product_tag":[490],"class_list":{"0":"post-22960","1":"product","2":"type-product","3":"status-publish","4":"has-post-thumbnail","6":"product_cat-redes-2","7":"product_cat-telefonia","8":"product_cat-telefonos-ip","9":"product_tag-panasonic","11":"first","12":"instock","13":"taxable","14":"shipping-taxable","15":"product-type-simple"},"_links":{"self":[{"href":"https:\/\/arxisdemexico.com.mx\/arxis\/wp-json\/wp\/v2\/product\/22960","targetHints":{"allow":["GET"]}}],"collection":[{"href":"https:\/\/arxisdemexico.com.mx\/arxis\/wp-json\/wp\/v2\/product"}],"about":[{"href":"https:\/\/arxisdemexico.com.mx\/arxis\/wp-json\/wp\/v2\/types\/product"}],"replies":[{"embeddable":true,"href":"https:\/\/arxisdemexico.com.mx\/arxis\/wp-json\/wp\/v2\/comments?post=22960"}],"wp:featuredmedia":[{"embeddable":true,"href":"https:\/\/arxisdemexico.com.mx\/arxis\/wp-json\/wp\/v2\/media\/22967"}],"wp:attachment":[{"href":"https:\/\/arxisdemexico.com.mx\/arxis\/wp-json\/wp\/v2\/media?parent=22960"}],"wp:term":[{"taxonomy":"product_brand","embeddable":true,"href":"https:\/\/arxisdemexico.com.mx\/arxis\/wp-json\/wp\/v2\/product_brand?post=22960"},{"taxonomy":"product_cat","embeddable":true,"href":"https:\/\/arxisdemexico.com.mx\/arxis\/wp-json\/wp\/v2\/product_cat?post=22960"},{"taxonomy":"product_tag","embeddable":true,"href":"https:\/\/arxisdemexico.com.mx\/arxis\/wp-json\/wp\/v2\/product_tag?post=22960"}],"curies":[{"name":"wp","href":"https:\/\/api.w.org\/{rel}","templated":true}]}}