{"id":22898,"date":"2018-02-19T15:50:13","date_gmt":"2018-02-19T21:50:13","guid":{"rendered":"http:\/\/www.arxisdemexico.com.mx\/arxis\/?post_type=product&#038;p=22898"},"modified":"2018-08-29T16:54:05","modified_gmt":"2018-08-29T21:54:05","slug":"video-balum-ptr-101v-hd","status":"publish","type":"product","link":"https:\/\/arxisdemexico.com.mx\/arxis\/producto\/video-balum-ptr-101v-hd\/","title":{"rendered":"Video Balum PTR-101V-HD"},"content":{"rendered":"<p>NUEVO V\u00cdDEO \u00a0BALUM PROVISI\u00d3N ISR PARA C\u00c1MARAS AHD.<br \/>\nSOPORTA TRANSMISI\u00d3N DE V\u00cdDEO A 100 MTS. COMPATIBLE CON<br \/>\nC\u00c1MARAS \u00a0AHD. TVI Y CVI(PAR).<\/p>\n","protected":false},"excerpt":{"rendered":"<p>NUEVO V\u00cdDEO \u00a0BALUM PROVISI\u00d3N ISR PARA C\u00c1MARAS AHD. SOPORTA TRANSMISI\u00d3N DE V\u00cdDEO A 100 MTS. COMPATIBLE CON C\u00c1MARAS \u00a0AHD. TVI Y CVI(PAR).<\/p>\n","protected":false},"featured_media":22900,"comment_status":"open","ping_status":"closed","template":"","meta":{"_et_pb_use_builder":"","_et_pb_old_content":"","_et_gb_content_width":""},"product_brand":[],"product_cat":[521,579,581],"product_tag":[485],"class_list":{"0":"post-22898","1":"product","2":"type-product","3":"status-publish","4":"has-post-thumbnail","6":"product_cat-cctv","7":"product_cat-accesorios","8":"product_cat-balums","9":"product_tag-provision","11":"first","12":"instock","13":"taxable","14":"shipping-taxable","15":"product-type-simple"},"_links":{"self":[{"href":"https:\/\/arxisdemexico.com.mx\/arxis\/wp-json\/wp\/v2\/product\/22898","targetHints":{"allow":["GET"]}}],"collection":[{"href":"https:\/\/arxisdemexico.com.mx\/arxis\/wp-json\/wp\/v2\/product"}],"about":[{"href":"https:\/\/arxisdemexico.com.mx\/arxis\/wp-json\/wp\/v2\/types\/product"}],"replies":[{"embeddable":true,"href":"https:\/\/arxisdemexico.com.mx\/arxis\/wp-json\/wp\/v2\/comments?post=22898"}],"wp:featuredmedia":[{"embeddable":true,"href":"https:\/\/arxisdemexico.com.mx\/arxis\/wp-json\/wp\/v2\/media\/22900"}],"wp:attachment":[{"href":"https:\/\/arxisdemexico.com.mx\/arxis\/wp-json\/wp\/v2\/media?parent=22898"}],"wp:term":[{"taxonomy":"product_brand","embeddable":true,"href":"https:\/\/arxisdemexico.com.mx\/arxis\/wp-json\/wp\/v2\/product_brand?post=22898"},{"taxonomy":"product_cat","embeddable":true,"href":"https:\/\/arxisdemexico.com.mx\/arxis\/wp-json\/wp\/v2\/product_cat?post=22898"},{"taxonomy":"product_tag","embeddable":true,"href":"https:\/\/arxisdemexico.com.mx\/arxis\/wp-json\/wp\/v2\/product_tag?post=22898"}],"curies":[{"name":"wp","href":"https:\/\/api.w.org\/{rel}","templated":true}]}}