{"id":22878,"date":"2018-02-19T15:37:15","date_gmt":"2018-02-19T21:37:15","guid":{"rendered":"http:\/\/www.arxisdemexico.com.mx\/arxis\/?post_type=product&#038;p=22878"},"modified":"2018-10-24T10:58:37","modified_gmt":"2018-10-24T15:58:37","slug":"monitor-interno-con-auricular-iv7000-inhs","status":"publish","type":"product","link":"https:\/\/arxisdemexico.com.mx\/arxis\/producto\/monitor-interno-con-auricular-iv7000-inhs\/","title":{"rendered":"Monitor interno con auricular IV7000 INHS"},"content":{"rendered":"<p>M\u00f3dulo interno con pantalla 7\u201d widescreen (16:9) de TFT \u2013 LCD: permite la visualizaci\u00f3n de las im\u00e1genes en\u00a0hasta 65\u00ba, sin distorsi\u00f3n de colores.\u00a0Posee 4 canales de v\u00eddeo y 1 salida de v\u00eddeo configurable, permitiendo el monitoreo de ambientes y la posibilidad de enviar las im\u00e1genes a un DVR o televisor.<\/p>\n","protected":false},"excerpt":{"rendered":"<p>M\u00f3dulo interno con pantalla 7\u201d widescreen (16:9) de TFT \u2013 LCD: permite la visualizaci\u00f3n de las im\u00e1genes en\u00a0hasta 65\u00ba, sin distorsi\u00f3n de colores.\u00a0Posee 4 canales de v\u00eddeo y 1 salida [&hellip;]<\/p>\n","protected":false},"featured_media":22885,"comment_status":"open","ping_status":"closed","template":"","meta":{"_et_pb_use_builder":"","_et_pb_old_content":"","_et_gb_content_width":""},"product_brand":[],"product_cat":[593,594,603],"product_tag":[491],"class_list":{"0":"post-22878","1":"product","2":"type-product","3":"status-publish","4":"has-post-thumbnail","6":"product_cat-acceso-y-asistencia","7":"product_cat-videoporteros","8":"product_cat-videoporteros-analogicos","9":"product_tag-intelbras","11":"first","12":"instock","13":"taxable","14":"shipping-taxable","15":"product-type-simple"},"_links":{"self":[{"href":"https:\/\/arxisdemexico.com.mx\/arxis\/wp-json\/wp\/v2\/product\/22878","targetHints":{"allow":["GET"]}}],"collection":[{"href":"https:\/\/arxisdemexico.com.mx\/arxis\/wp-json\/wp\/v2\/product"}],"about":[{"href":"https:\/\/arxisdemexico.com.mx\/arxis\/wp-json\/wp\/v2\/types\/product"}],"replies":[{"embeddable":true,"href":"https:\/\/arxisdemexico.com.mx\/arxis\/wp-json\/wp\/v2\/comments?post=22878"}],"wp:featuredmedia":[{"embeddable":true,"href":"https:\/\/arxisdemexico.com.mx\/arxis\/wp-json\/wp\/v2\/media\/22885"}],"wp:attachment":[{"href":"https:\/\/arxisdemexico.com.mx\/arxis\/wp-json\/wp\/v2\/media?parent=22878"}],"wp:term":[{"taxonomy":"product_brand","embeddable":true,"href":"https:\/\/arxisdemexico.com.mx\/arxis\/wp-json\/wp\/v2\/product_brand?post=22878"},{"taxonomy":"product_cat","embeddable":true,"href":"https:\/\/arxisdemexico.com.mx\/arxis\/wp-json\/wp\/v2\/product_cat?post=22878"},{"taxonomy":"product_tag","embeddable":true,"href":"https:\/\/arxisdemexico.com.mx\/arxis\/wp-json\/wp\/v2\/product_tag?post=22878"}],"curies":[{"name":"wp","href":"https:\/\/api.w.org\/{rel}","templated":true}]}}