{"id":22737,"date":"2018-02-19T12:16:26","date_gmt":"2018-02-19T18:16:26","guid":{"rendered":"http:\/\/www.arxisdemexico.com.mx\/arxis\/?post_type=product&#038;p=22737"},"modified":"2018-09-19T17:23:35","modified_gmt":"2018-09-19T22:23:35","slug":"telefono-alambrico-con-identificador-tc-60-id","status":"publish","type":"product","link":"https:\/\/arxisdemexico.com.mx\/arxis\/producto\/telefono-alambrico-con-identificador-tc-60-id\/","title":{"rendered":"Tel\u00e9fono al\u00e1mbrico con identificador TC 60 ID"},"content":{"rendered":"<p>El tel\u00e9fono completo y confiable. Dise\u00f1o moderno y resistente, con funciones pr\u00e1cticas, como identificaci\u00f3n de llamadas, altavoz, manos libres y memorias de discado r\u00e1pido. Posici\u00f3n mesa o pared. Todo para facilitar el d\u00eda a d\u00eda en su casa.<\/p>\n","protected":false},"excerpt":{"rendered":"<p>El tel\u00e9fono completo y confiable. Dise\u00f1o moderno y resistente, con funciones pr\u00e1cticas, como identificaci\u00f3n de llamadas, altavoz, manos libres y memorias de discado r\u00e1pido. Posici\u00f3n mesa o pared. Todo para [&hellip;]<\/p>\n","protected":false},"featured_media":22744,"comment_status":"open","ping_status":"closed","template":"","meta":{"_et_pb_use_builder":"","_et_pb_old_content":"","_et_gb_content_width":""},"product_brand":[],"product_cat":[745,767,771],"product_tag":[491],"class_list":{"0":"post-22737","1":"product","2":"type-product","3":"status-publish","4":"has-post-thumbnail","6":"product_cat-redes-2","7":"product_cat-telefonia","8":"product_cat-telefonos-ip","9":"product_tag-intelbras","11":"first","12":"instock","13":"taxable","14":"shipping-taxable","15":"product-type-simple"},"_links":{"self":[{"href":"https:\/\/arxisdemexico.com.mx\/arxis\/wp-json\/wp\/v2\/product\/22737","targetHints":{"allow":["GET"]}}],"collection":[{"href":"https:\/\/arxisdemexico.com.mx\/arxis\/wp-json\/wp\/v2\/product"}],"about":[{"href":"https:\/\/arxisdemexico.com.mx\/arxis\/wp-json\/wp\/v2\/types\/product"}],"replies":[{"embeddable":true,"href":"https:\/\/arxisdemexico.com.mx\/arxis\/wp-json\/wp\/v2\/comments?post=22737"}],"wp:featuredmedia":[{"embeddable":true,"href":"https:\/\/arxisdemexico.com.mx\/arxis\/wp-json\/wp\/v2\/media\/22744"}],"wp:attachment":[{"href":"https:\/\/arxisdemexico.com.mx\/arxis\/wp-json\/wp\/v2\/media?parent=22737"}],"wp:term":[{"taxonomy":"product_brand","embeddable":true,"href":"https:\/\/arxisdemexico.com.mx\/arxis\/wp-json\/wp\/v2\/product_brand?post=22737"},{"taxonomy":"product_cat","embeddable":true,"href":"https:\/\/arxisdemexico.com.mx\/arxis\/wp-json\/wp\/v2\/product_cat?post=22737"},{"taxonomy":"product_tag","embeddable":true,"href":"https:\/\/arxisdemexico.com.mx\/arxis\/wp-json\/wp\/v2\/product_tag?post=22737"}],"curies":[{"name":"wp","href":"https:\/\/api.w.org\/{rel}","templated":true}]}}