{"id":22720,"date":"2018-02-19T12:05:52","date_gmt":"2018-02-19T18:05:52","guid":{"rendered":"http:\/\/www.arxisdemexico.com.mx\/arxis\/?post_type=product&#038;p=22720"},"modified":"2018-09-19T12:54:28","modified_gmt":"2018-09-19T17:54:28","slug":"telefono-inalambrico-digital-ts-63-v","status":"publish","type":"product","link":"https:\/\/arxisdemexico.com.mx\/arxis\/producto\/telefono-inalambrico-digital-ts-63-v\/","title":{"rendered":"Tel\u00e9fono inal\u00e1mbrico digital TS 63 V"},"content":{"rendered":"<p>Dise\u00f1o moderno, liviano y ergon\u00f3mico, con teclas grandes y display amplio para facilitar la visualizaci\u00f3n. El TS 63V posee audio optimizado, ideal para ambientes con mucho ruido, y permite expansi\u00f3n para hasta 5 extensiones (base + 4 extensiones). Colores blanco y negro.<\/p>\n","protected":false},"excerpt":{"rendered":"<p>Dise\u00f1o moderno, liviano y ergon\u00f3mico, con teclas grandes y display amplio para facilitar la visualizaci\u00f3n. El TS 63V posee audio optimizado, ideal para ambientes con mucho ruido, y permite expansi\u00f3n [&hellip;]<\/p>\n","protected":false},"featured_media":22725,"comment_status":"open","ping_status":"closed","template":"","meta":{"_et_pb_use_builder":"","_et_pb_old_content":"","_et_gb_content_width":""},"product_brand":[],"product_cat":[745,767,771],"product_tag":[491],"class_list":{"0":"post-22720","1":"product","2":"type-product","3":"status-publish","4":"has-post-thumbnail","6":"product_cat-redes-2","7":"product_cat-telefonia","8":"product_cat-telefonos-ip","9":"product_tag-intelbras","11":"first","12":"instock","13":"taxable","14":"shipping-taxable","15":"product-type-simple"},"_links":{"self":[{"href":"https:\/\/arxisdemexico.com.mx\/arxis\/wp-json\/wp\/v2\/product\/22720","targetHints":{"allow":["GET"]}}],"collection":[{"href":"https:\/\/arxisdemexico.com.mx\/arxis\/wp-json\/wp\/v2\/product"}],"about":[{"href":"https:\/\/arxisdemexico.com.mx\/arxis\/wp-json\/wp\/v2\/types\/product"}],"replies":[{"embeddable":true,"href":"https:\/\/arxisdemexico.com.mx\/arxis\/wp-json\/wp\/v2\/comments?post=22720"}],"wp:featuredmedia":[{"embeddable":true,"href":"https:\/\/arxisdemexico.com.mx\/arxis\/wp-json\/wp\/v2\/media\/22725"}],"wp:attachment":[{"href":"https:\/\/arxisdemexico.com.mx\/arxis\/wp-json\/wp\/v2\/media?parent=22720"}],"wp:term":[{"taxonomy":"product_brand","embeddable":true,"href":"https:\/\/arxisdemexico.com.mx\/arxis\/wp-json\/wp\/v2\/product_brand?post=22720"},{"taxonomy":"product_cat","embeddable":true,"href":"https:\/\/arxisdemexico.com.mx\/arxis\/wp-json\/wp\/v2\/product_cat?post=22720"},{"taxonomy":"product_tag","embeddable":true,"href":"https:\/\/arxisdemexico.com.mx\/arxis\/wp-json\/wp\/v2\/product_tag?post=22720"}],"curies":[{"name":"wp","href":"https:\/\/api.w.org\/{rel}","templated":true}]}}