{"id":22704,"date":"2018-02-19T11:37:19","date_gmt":"2018-02-19T17:37:19","guid":{"rendered":"http:\/\/www.arxisdemexico.com.mx\/arxis\/?post_type=product&#038;p=22704"},"modified":"2018-09-19T12:59:37","modified_gmt":"2018-09-19T17:59:37","slug":"telefono-inalambrico-con-2-extensiones-ts-3533","status":"publish","type":"product","link":"https:\/\/arxisdemexico.com.mx\/arxis\/producto\/telefono-inalambrico-con-2-extensiones-ts-3533\/","title":{"rendered":"Tel\u00e9fono inal\u00e1mbrico con 2 extensiones TS 3533"},"content":{"rendered":"<p>El TS 3533 es compuesto por una base con contestador autom\u00e1tico + dos extensiones. Tambi\u00e9n tiene las funciones como manos libres, identificaci\u00f3n de llamadas y display luminoso, capacidad de 5 extensiones, siendo una soluci\u00f3n completa.<\/p>\n","protected":false},"excerpt":{"rendered":"<p>El TS 3533 es compuesto por una base con contestador autom\u00e1tico + dos extensiones. Tambi\u00e9n tiene las funciones como manos libres, identificaci\u00f3n de llamadas y display luminoso, capacidad de 5 [&hellip;]<\/p>\n","protected":false},"featured_media":22710,"comment_status":"open","ping_status":"closed","template":"","meta":{"_et_pb_use_builder":"","_et_pb_old_content":"","_et_gb_content_width":""},"product_brand":[],"product_cat":[745,767],"product_tag":[491],"class_list":{"0":"post-22704","1":"product","2":"type-product","3":"status-publish","4":"has-post-thumbnail","6":"product_cat-redes-2","7":"product_cat-telefonia","8":"product_tag-intelbras","10":"first","11":"instock","12":"taxable","13":"shipping-taxable","14":"product-type-simple"},"_links":{"self":[{"href":"https:\/\/arxisdemexico.com.mx\/arxis\/wp-json\/wp\/v2\/product\/22704","targetHints":{"allow":["GET"]}}],"collection":[{"href":"https:\/\/arxisdemexico.com.mx\/arxis\/wp-json\/wp\/v2\/product"}],"about":[{"href":"https:\/\/arxisdemexico.com.mx\/arxis\/wp-json\/wp\/v2\/types\/product"}],"replies":[{"embeddable":true,"href":"https:\/\/arxisdemexico.com.mx\/arxis\/wp-json\/wp\/v2\/comments?post=22704"}],"wp:featuredmedia":[{"embeddable":true,"href":"https:\/\/arxisdemexico.com.mx\/arxis\/wp-json\/wp\/v2\/media\/22710"}],"wp:attachment":[{"href":"https:\/\/arxisdemexico.com.mx\/arxis\/wp-json\/wp\/v2\/media?parent=22704"}],"wp:term":[{"taxonomy":"product_brand","embeddable":true,"href":"https:\/\/arxisdemexico.com.mx\/arxis\/wp-json\/wp\/v2\/product_brand?post=22704"},{"taxonomy":"product_cat","embeddable":true,"href":"https:\/\/arxisdemexico.com.mx\/arxis\/wp-json\/wp\/v2\/product_cat?post=22704"},{"taxonomy":"product_tag","embeddable":true,"href":"https:\/\/arxisdemexico.com.mx\/arxis\/wp-json\/wp\/v2\/product_tag?post=22704"}],"curies":[{"name":"wp","href":"https:\/\/api.w.org\/{rel}","templated":true}]}}