{"id":22702,"date":"2018-02-19T11:31:19","date_gmt":"2018-02-19T17:31:19","guid":{"rendered":"http:\/\/www.arxisdemexico.com.mx\/arxis\/?post_type=product&#038;p=22702"},"modified":"2018-09-19T13:00:47","modified_gmt":"2018-09-19T18:00:47","slug":"ts-3532","status":"publish","type":"product","link":"https:\/\/arxisdemexico.com.mx\/arxis\/producto\/ts-3532\/","title":{"rendered":"Tel\u00e9fono inal\u00e1mbrico con una extensi\u00f3n TS 3532"},"content":{"rendered":"<p>El TS 3532 es compuesto por una base con contestador autom\u00e1tico + una extensi\u00f3n. Tambi\u00e9n tiene las funciones como manos libres, identificaci\u00f3n de llamadas y display luminoso, siendo una soluci\u00f3n completa para residencias y oficinas.<\/p>\n","protected":false},"excerpt":{"rendered":"<p>El TS 3532 es compuesto por una base con contestador autom\u00e1tico + una extensi\u00f3n. Tambi\u00e9n tiene las funciones como manos libres, identificaci\u00f3n de llamadas y display luminoso, siendo una soluci\u00f3n [&hellip;]<\/p>\n","protected":false},"featured_media":22703,"comment_status":"open","ping_status":"closed","template":"","meta":{"_et_pb_use_builder":"","_et_pb_old_content":"","_et_gb_content_width":""},"product_brand":[],"product_cat":[745,767],"product_tag":[491],"class_list":{"0":"post-22702","1":"product","2":"type-product","3":"status-publish","4":"has-post-thumbnail","6":"product_cat-redes-2","7":"product_cat-telefonia","8":"product_tag-intelbras","10":"first","11":"instock","12":"taxable","13":"shipping-taxable","14":"product-type-simple"},"_links":{"self":[{"href":"https:\/\/arxisdemexico.com.mx\/arxis\/wp-json\/wp\/v2\/product\/22702","targetHints":{"allow":["GET"]}}],"collection":[{"href":"https:\/\/arxisdemexico.com.mx\/arxis\/wp-json\/wp\/v2\/product"}],"about":[{"href":"https:\/\/arxisdemexico.com.mx\/arxis\/wp-json\/wp\/v2\/types\/product"}],"replies":[{"embeddable":true,"href":"https:\/\/arxisdemexico.com.mx\/arxis\/wp-json\/wp\/v2\/comments?post=22702"}],"wp:featuredmedia":[{"embeddable":true,"href":"https:\/\/arxisdemexico.com.mx\/arxis\/wp-json\/wp\/v2\/media\/22703"}],"wp:attachment":[{"href":"https:\/\/arxisdemexico.com.mx\/arxis\/wp-json\/wp\/v2\/media?parent=22702"}],"wp:term":[{"taxonomy":"product_brand","embeddable":true,"href":"https:\/\/arxisdemexico.com.mx\/arxis\/wp-json\/wp\/v2\/product_brand?post=22702"},{"taxonomy":"product_cat","embeddable":true,"href":"https:\/\/arxisdemexico.com.mx\/arxis\/wp-json\/wp\/v2\/product_cat?post=22702"},{"taxonomy":"product_tag","embeddable":true,"href":"https:\/\/arxisdemexico.com.mx\/arxis\/wp-json\/wp\/v2\/product_tag?post=22702"}],"curies":[{"name":"wp","href":"https:\/\/api.w.org\/{rel}","templated":true}]}}