{"id":26032,"date":"2018-03-15T17:21:31","date_gmt":"2018-03-15T23:21:31","guid":{"rendered":"http:\/\/www.arxisdemexico.com.mx\/arxis\/?page_id=26032"},"modified":"2018-06-22T17:31:25","modified_gmt":"2018-06-22T22:31:25","slug":"herramientas-paneles-de-alarma","status":"publish","type":"page","link":"https:\/\/arxisdemexico.com.mx\/arxis\/herramientas-paneles-de-alarma\/","title":{"rendered":"Herramientas Paneles de Alarma"},"content":{"rendered":"<p>&nbsp;<\/p>\n<h1><span style=\"color: #000080;\">Manuales Alarmas Linea AMT y ANM<\/span><\/h1>\n<ul>\n<li>Manual de Usuario Alarma Monitoriada\u00a0<a href=\"https:\/\/www.dropbox.com\/s\/7a7zkluvf394ovd\/Manual%20AMT%202008%20RF.pdf?dl=0\" target=\"_blank\" rel=\"noopener\">AMT 2008 RF<\/a>\u00a0en Espa\u00f1ol<\/li>\n<li>Manual de Usuario Alarma Monitoriada\u00a0<a href=\"https:\/\/www.dropbox.com\/s\/4fmm09jgjioj1qx\/manual-intelbras-AMT-2010-AMT-2018.pdf?dl=0\" target=\"_blank\" rel=\"noopener\">AMT 2010<\/a>\u00a0en Espa\u00f1ol<\/li>\n<li>Manual de Usuario Alarma Monitoriada\u00a0<a href=\"https:\/\/www.dropbox.com\/s\/f6bianuh0uvw9kp\/10%20manual_AMT_2018_E-EG_02%2013.pdf?dl=0\" target=\"_blank\" rel=\"noopener\">AMT 2018E<\/a>\u00a0en Espa\u00f1ol<\/li>\n<li>Manual de Usuario Alarma Monitoriada <a href=\"https:\/\/www.dropbox.com\/s\/f6bianuh0uvw9kp\/10%20manual_AMT_2018_E-EG_02%2013.pdf?dl=0\" target=\"_blank\" rel=\"noopener\">AMT 2018 EG\u00a0<\/a>en Espa\u00f1ol<\/li>\n<li>Manual de Usuario Alarma No Monitoriada\u00a0<a href=\"https:\/\/www.dropbox.com\/s\/8q2az5zc4ivk98e\/ANM%203004-3008%20ST%20%28MANUAL%29%20Grande.pdf?dl=0\" target=\"_blank\" rel=\"noopener\">ANM 3008 ST<\/a>\u00a0en Espa\u00f1ol<\/li>\n<li>Manual de Usuario Alarma No Monitoriada <a href=\"https:\/\/www.dropbox.com\/s\/zvlm4kdd1a23ap9\/manual_ANM_2003_02-14_esp.pdf?dl=0\" target=\"_blank\" rel=\"noopener\">ANM 2003<\/a>\u00a0en Espa\u00f1ol<\/li>\n<\/ul>\n<p>&nbsp;<\/p>\n<p>&nbsp;<\/p>\n<h1><span style=\"color: #000080;\">Gu\u00edas R\u00e1pidas Configuraci\u00f3n Alarmas<\/span><\/h1>\n<ul>\n<li>Comandos de Programaci\u00f3n B\u00e1sicos Alarma AMT 2008RF <a href=\"https:\/\/www.dropbox.com\/s\/1en5kq35rkmifqr\/AMT%202008%20RF%20COMANDOS.pdf?dl=0\" target=\"_blank\" rel=\"noopener\">Descargar<\/a><\/li>\n<li>Comandos de Programaci\u00f3n B\u00e1sicos Alarma ANM 3008 ST\u00a0 <a href=\"https:\/\/www.dropbox.com\/s\/2f8xxn6y22gp3nl\/ANM%202008%20MF%20COMANDOS.pdf?dl=0\" target=\"_blank\" rel=\"noopener\">Descargar<\/a><\/li>\n<li>Configurar Tiempo de Retardo (Entrada \/ Salida) Alarma <a href=\"https:\/\/www.dropbox.com\/s\/bb85f8jlq6s2vmj\/Configuraci%C3%B3n%20de%20tiempo%20de%20entrada%20alarma%202008%20RF.docx?dl=0\" target=\"_blank\" rel=\"noopener\">Descargar<\/a><\/li>\n<li>Conexi\u00f3n Sirena con Relevador <a href=\"https:\/\/www.dropbox.com\/s\/z830cyp95t9h66x\/sirena-interbra.jpg?dl=0\" target=\"_blank\" rel=\"noopener\">Descargar<\/a><\/li>\n<\/ul>\n<p>&nbsp;<\/p>\n<ul>\n<li><\/li>\n<\/ul>\n","protected":false},"excerpt":{"rendered":"<p>&nbsp; Manuales Alarmas Linea AMT y ANM Manual de Usuario Alarma Monitoriada\u00a0AMT 2008 RF\u00a0en Espa\u00f1ol Manual de Usuario Alarma Monitoriada\u00a0AMT 2010\u00a0en Espa\u00f1ol Manual de Usuario Alarma Monitoriada\u00a0AMT 2018E\u00a0en Espa\u00f1ol Manual [&hellip;]<\/p>\n","protected":false},"author":6,"featured_media":0,"parent":0,"menu_order":0,"comment_status":"closed","ping_status":"closed","template":"","meta":{"_et_pb_use_builder":"","_et_pb_old_content":"","_et_gb_content_width":"","footnotes":""},"class_list":["post-26032","page","type-page","status-publish","hentry"],"_links":{"self":[{"href":"https:\/\/arxisdemexico.com.mx\/arxis\/wp-json\/wp\/v2\/pages\/26032","targetHints":{"allow":["GET"]}}],"collection":[{"href":"https:\/\/arxisdemexico.com.mx\/arxis\/wp-json\/wp\/v2\/pages"}],"about":[{"href":"https:\/\/arxisdemexico.com.mx\/arxis\/wp-json\/wp\/v2\/types\/page"}],"author":[{"embeddable":true,"href":"https:\/\/arxisdemexico.com.mx\/arxis\/wp-json\/wp\/v2\/users\/6"}],"replies":[{"embeddable":true,"href":"https:\/\/arxisdemexico.com.mx\/arxis\/wp-json\/wp\/v2\/comments?post=26032"}],"version-history":[{"count":9,"href":"https:\/\/arxisdemexico.com.mx\/arxis\/wp-json\/wp\/v2\/pages\/26032\/revisions"}],"predecessor-version":[{"id":26446,"href":"https:\/\/arxisdemexico.com.mx\/arxis\/wp-json\/wp\/v2\/pages\/26032\/revisions\/26446"}],"wp:attachment":[{"href":"https:\/\/arxisdemexico.com.mx\/arxis\/wp-json\/wp\/v2\/media?parent=26032"}],"curies":[{"name":"wp","href":"https:\/\/api.w.org\/{rel}","templated":true}]}}