{"id":26027,"date":"2018-03-15T17:15:54","date_gmt":"2018-03-15T23:15:54","guid":{"rendered":"http:\/\/www.arxisdemexico.com.mx\/arxis\/?page_id=26027"},"modified":"2018-03-20T18:44:38","modified_gmt":"2018-03-21T00:44:38","slug":"herramientas-de-descarga-cctv","status":"publish","type":"page","link":"https:\/\/arxisdemexico.com.mx\/arxis\/herramientas-de-descarga-cctv\/","title":{"rendered":"Herramientas de Descarga CCTV"},"content":{"rendered":"<h1><span style=\"color: #000080;\">GU\u00cdAS R\u00c1PIDAS CONFIGURACI\u00d3N DVR&#8217;S<\/span><\/h1>\n<p>&nbsp;<\/p>\n<p>&nbsp;<\/p>\n<p>&nbsp;<\/p>\n<h1><span style=\"color: #000080;\">MANUALES C\u00c1MARAS PTZ&#8217;s\u00a0 \u00a0 \u00a0 \u00a0 \u00a0 \u00a0 \u00a0 \u00a0 \u00a0 \u00a0 \u00a0 \u00a0 \u00a0 \u00a0 MANUALES DVR\u00b4s<\/span><\/h1>\n<p>\u2022\u00a0 \u00a0C\u00e1mara PTZ tipo Bala<a href=\"https:\/\/www.dropbox.com\/s\/rguf3q1gtvda3mk\/I5PT-390AHDXX%20User%20Manual.pdf?dl=0\" target=\"_blank\" rel=\"noopener\"> I5PT-390AHDX4\u00a0 &amp; I5PT-390AHDX10<\/a>\u00a0 \u00a0 \u00a0 \u00a0 \u00a0 \u00a0 \u00a0 \u00a0 \u00a0 \u00a0 \u00a0 \u00a0 \u00a0\u2022\u00a0 DVR\u00b4s con sistema OSIA serie <a href=\"https:\/\/www.dropbox.com\/s\/vkfl5ig4h98tnw3\/Ossia%20v1.1%20User%20Manual%20-%20All%20devices%20and%20models.pdf?dl=0\" target=\"_blank\" rel=\"noopener\">SH-8100,SH-16200<\/a><\/p>\n<p>\u2022\u00a0 \u00a0Nueva c\u00e1mara 4 en 1<a href=\"http:\/\/www.arxisdemexico.com.mx\/arxis\/producto\/camara-pan-tilt-tipo-bala-i5pt-390ahdx10\/\"> I5PT-390AHD4+ &amp; I5PT-390AHDX10+<\/a>\u00a0 \u00a0 \u00a0 \u00a0 \u00a0 \u00a0 \u00a0 \u00a0 \u00a0 \u00a0 \u00a0 \u00a0 \u00a0\u2022\u00a0 \u00a0DVR\u00b4s\u00a0 linea AHD serie <a href=\"https:\/\/www.dropbox.com\/s\/am21q178zuhaakv\/AHD%20DVRs%20Manual.pdf?dl=0\" target=\"_blank\" rel=\"noopener\">SA-XXXX 4,8,16 y 32 CH<\/a><\/p>\n<p>\u2022\u00a0 \u00a0C\u00e1mara de 2 MP, PTZ tipo Domo\u00a0 <a href=\"https:\/\/www.dropbox.com\/s\/vrk73tb7agda3hs\/Z-10AHD-X%20%28IR%29%2B%20User%20Manual.pdf?dl=0\" target=\"_blank\" rel=\"noopener\">Z-10AHD-2(IR)<\/a>\u00a0 \u00a0 \u00a0 \u00a0 \u00a0 \u00a0 \u00a0 \u00a0 \u00a0 \u00a0 \u00a0 \u00a0 \u00a0 \u00a0 \u00a0 \u00a0 \u00a0 \u00a0 \u00a0 \u00a0 \u00a0 \u00a0\u2022\u00a0 \u00a0DVR&#8217;s de la serie<a href=\"https:\/\/www.dropbox.com\/s\/b8jgfgrxia1sgfs\/DVR%20v3.3.0%20and%20lower%20Spanish%20Manual.pdf?dl=0\" target=\"_blank\" rel=\"noopener\"> An\u00e1logo<\/a><\/p>\n<p>\u2022\u00a0 \u00a0C\u00e1mara de 2 MP, PTZ tipo Domo <a href=\"https:\/\/www.dropbox.com\/s\/x5e8qyit0nafajx\/Z-20AHD-1%28IR%29%20English%20manual.pdf?dl=0\" target=\"_blank\" rel=\"noopener\">Z-20AHD-2(IR)<\/a><\/p>\n<p>\u2022\u00a0 \u00a0C\u00e1mara de 1 MP, PTZ tipo Domo <a href=\"https:\/\/www.dropbox.com\/s\/2kvf0vv341epryi\/Z-10IR%20English%20Manual.pdf?dl=0\" target=\"_blank\" rel=\"noopener\">Z-10AHD-1(IR)<\/a><\/p>\n<ul>\n<li><\/li>\n<li>\n<h1><span style=\"color: #000080;\">GU\u00cdAS R\u00c1PIDAS C\u00c1MARAS PnV<\/span><\/h1>\n<\/li>\n<\/ul>\n","protected":false},"excerpt":{"rendered":"<p>GU\u00cdAS R\u00c1PIDAS CONFIGURACI\u00d3N DVR&#8217;S &nbsp; &nbsp; &nbsp; MANUALES C\u00c1MARAS PTZ&#8217;s\u00a0 \u00a0 \u00a0 \u00a0 \u00a0 \u00a0 \u00a0 \u00a0 \u00a0 \u00a0 \u00a0 \u00a0 \u00a0 \u00a0 MANUALES DVR\u00b4s \u2022\u00a0 \u00a0C\u00e1mara PTZ tipo Bala [&hellip;]<\/p>\n","protected":false},"author":6,"featured_media":0,"parent":0,"menu_order":0,"comment_status":"closed","ping_status":"closed","template":"","meta":{"_et_pb_use_builder":"","_et_pb_old_content":"","_et_gb_content_width":"","footnotes":""},"class_list":["post-26027","page","type-page","status-publish","hentry"],"_links":{"self":[{"href":"https:\/\/arxisdemexico.com.mx\/arxis\/wp-json\/wp\/v2\/pages\/26027","targetHints":{"allow":["GET"]}}],"collection":[{"href":"https:\/\/arxisdemexico.com.mx\/arxis\/wp-json\/wp\/v2\/pages"}],"about":[{"href":"https:\/\/arxisdemexico.com.mx\/arxis\/wp-json\/wp\/v2\/types\/page"}],"author":[{"embeddable":true,"href":"https:\/\/arxisdemexico.com.mx\/arxis\/wp-json\/wp\/v2\/users\/6"}],"replies":[{"embeddable":true,"href":"https:\/\/arxisdemexico.com.mx\/arxis\/wp-json\/wp\/v2\/comments?post=26027"}],"version-history":[{"count":6,"href":"https:\/\/arxisdemexico.com.mx\/arxis\/wp-json\/wp\/v2\/pages\/26027\/revisions"}],"predecessor-version":[{"id":26093,"href":"https:\/\/arxisdemexico.com.mx\/arxis\/wp-json\/wp\/v2\/pages\/26027\/revisions\/26093"}],"wp:attachment":[{"href":"https:\/\/arxisdemexico.com.mx\/arxis\/wp-json\/wp\/v2\/media?parent=26027"}],"curies":[{"name":"wp","href":"https:\/\/api.w.org\/{rel}","templated":true}]}}